{"id":2,"date":"2019-05-19T02:00:48","date_gmt":"2019-05-19T02:00:48","guid":{"rendered":"http:\/\/institutoestudiospisoraca.es\/?page_id=2"},"modified":"2020-07-18T19:31:29","modified_gmt":"2020-07-18T17:31:29","slug":"about","status":"publish","type":"page","link":"https:\/\/institutoestudiospisoraca.es\/?page_id=2","title":{"rendered":"Misi\u00f3n"},"content":{"rendered":"<p class=\"auto-style7\">Los fines del INSTITUTO DE ESTUDIOS PISORACA son los siguientes:<\/p>\n<ul>\n<li class=\"auto-style7\">Los trabajos arqueol\u00f3gicos en el \u00e1mbito de la Comunidad Aut\u00f3noma de Castilla y Le\u00f3n;<\/li>\n<li>La investigaci\u00f3n hist\u00f3rica, literaria y etnogr\u00e1fica, en todas sus vertientes;<\/li>\n<li>La difusi\u00f3n, conservaci\u00f3n y defensa del patrimonio hist\u00f3rico y art\u00edstico;<\/li>\n<li>Los estudios de car\u00e1cter cient\u00edfico sobre el entorno natural.<\/li>\n<\/ul>\n\n\n<p><\/p>\n","protected":false},"excerpt":{"rendered":"<p>Los fines del INSTITUTO DE ESTUDIOS PISORACA son los siguientes: Los trabajos arqueol\u00f3gicos en el \u00e1mbito de la Comunidad Aut\u00f3noma de Castilla y Le\u00f3n; La investigaci\u00f3n hist\u00f3rica, literaria y etnogr\u00e1fica, en todas sus vertientes; La difusi\u00f3n, conservaci\u00f3n y defensa del patrimonio hist\u00f3rico y art\u00edstico; Los estudios de car\u00e1cter cient\u00edfico sobre el entorno natural.<\/p>\n","protected":false},"author":1,"featured_media":0,"parent":0,"menu_order":0,"comment_status":"closed","ping_status":"open","template":"fullwidth-page.php","meta":{"footnotes":""},"class_list":["post-2","page","type-page","status-publish","hentry"],"_links":{"self":[{"href":"https:\/\/institutoestudiospisoraca.es\/index.php?rest_route=\/wp\/v2\/pages\/2","targetHints":{"allow":["GET"]}}],"collection":[{"href":"https:\/\/institutoestudiospisoraca.es\/index.php?rest_route=\/wp\/v2\/pages"}],"about":[{"href":"https:\/\/institutoestudiospisoraca.es\/index.php?rest_route=\/wp\/v2\/types\/page"}],"author":[{"embeddable":true,"href":"https:\/\/institutoestudiospisoraca.es\/index.php?rest_route=\/wp\/v2\/users\/1"}],"replies":[{"embeddable":true,"href":"https:\/\/institutoestudiospisoraca.es\/index.php?rest_route=%2Fwp%2Fv2%2Fcomments&post=2"}],"version-history":[{"count":4,"href":"https:\/\/institutoestudiospisoraca.es\/index.php?rest_route=\/wp\/v2\/pages\/2\/revisions"}],"predecessor-version":[{"id":265,"href":"https:\/\/institutoestudiospisoraca.es\/index.php?rest_route=\/wp\/v2\/pages\/2\/revisions\/265"}],"wp:attachment":[{"href":"https:\/\/institutoestudiospisoraca.es\/index.php?rest_route=%2Fwp%2Fv2%2Fmedia&parent=2"}],"curies":[{"name":"wp","href":"https:\/\/api.w.org\/{rel}","templated":true}]}}