{"id":255,"date":"2019-09-02T18:23:41","date_gmt":"2019-09-02T16:23:41","guid":{"rendered":"http:\/\/institutoestudiospisoraca.es\/?page_id=255"},"modified":"2020-07-18T19:30:23","modified_gmt":"2020-07-18T17:30:23","slug":"etnografia","status":"publish","type":"page","link":"https:\/\/institutoestudiospisoraca.es\/?page_id=255","title":{"rendered":"Etnograf\u00eda"},"content":{"rendered":"\n<p class=\"text-justify\">El Instituto de Estudios Pisoraca, que nace en el medio rural, no quiere olvidar el estudio de los modos de vida de los n\u00facleos de poblaci\u00f3n del entorno de Herrera de Pisuerga y su proyecci\u00f3n internacional. Se atender\u00e1 a las manifestaciones materiales e inmateriales del mundo del trabajo, los momentos de fiesta, las estaciones del a\u00f1o, las etapas de la vida, los usos funerarios, las costumbres gastron\u00f3micas, el juego, el vestido\u2026<\/p>\n\n\n\n<p><strong>Proyectos de Etnograf\u00eda<\/strong><\/p>\n\n\n\n<ul class=\"text-justify wp-block-list\"><li>Recogida de testimonios de profesiones que est\u00e1n desapareciendo en el entorno de los valles del Pisuerga, el Boedo y la Ojeda, mediante el contacto directo con las personas que ejercieron esos oficios: herreros, carreteros, hojalateros, tejedores, alfareros, carpinteros, panaderos, queseros, carpinteros\u2026<\/li><\/ul>\n\n\n\n<ul class=\"wp-block-list\"><li>Pervivencia de antiguos oficios espa\u00f1oles en la Am\u00e9rica ib\u00e9rica<\/li><\/ul>\n\n\n\n<p><\/p>\n\n\n\n<p>.<\/p>\n","protected":false},"excerpt":{"rendered":"<p>El Instituto de Estudios Pisoraca, que nace en el medio rural, no quiere olvidar el estudio de los modos de vida de los n\u00facleos de poblaci\u00f3n del entorno de Herrera de Pisuerga y su proyecci\u00f3n internacional. Se atender\u00e1 a las manifestaciones materiales e inmateriales del mundo del trabajo, los momentos de fiesta, las estaciones del [&hellip;]<\/p>\n","protected":false},"author":1,"featured_media":0,"parent":49,"menu_order":0,"comment_status":"closed","ping_status":"closed","template":"fullwidth-page.php","meta":{"footnotes":""},"class_list":["post-255","page","type-page","status-publish","hentry"],"_links":{"self":[{"href":"https:\/\/institutoestudiospisoraca.es\/index.php?rest_route=\/wp\/v2\/pages\/255","targetHints":{"allow":["GET"]}}],"collection":[{"href":"https:\/\/institutoestudiospisoraca.es\/index.php?rest_route=\/wp\/v2\/pages"}],"about":[{"href":"https:\/\/institutoestudiospisoraca.es\/index.php?rest_route=\/wp\/v2\/types\/page"}],"author":[{"embeddable":true,"href":"https:\/\/institutoestudiospisoraca.es\/index.php?rest_route=\/wp\/v2\/users\/1"}],"replies":[{"embeddable":true,"href":"https:\/\/institutoestudiospisoraca.es\/index.php?rest_route=%2Fwp%2Fv2%2Fcomments&post=255"}],"version-history":[{"count":5,"href":"https:\/\/institutoestudiospisoraca.es\/index.php?rest_route=\/wp\/v2\/pages\/255\/revisions"}],"predecessor-version":[{"id":412,"href":"https:\/\/institutoestudiospisoraca.es\/index.php?rest_route=\/wp\/v2\/pages\/255\/revisions\/412"}],"up":[{"embeddable":true,"href":"https:\/\/institutoestudiospisoraca.es\/index.php?rest_route=\/wp\/v2\/pages\/49"}],"wp:attachment":[{"href":"https:\/\/institutoestudiospisoraca.es\/index.php?rest_route=%2Fwp%2Fv2%2Fmedia&parent=255"}],"curies":[{"name":"wp","href":"https:\/\/api.w.org\/{rel}","templated":true}]}}