{"id":260,"date":"2019-09-02T18:26:56","date_gmt":"2019-09-02T16:26:56","guid":{"rendered":"http:\/\/institutoestudiospisoraca.es\/?page_id=260"},"modified":"2020-07-18T19:30:15","modified_gmt":"2020-07-18T17:30:15","slug":"estudios-literarios","status":"publish","type":"page","link":"https:\/\/institutoestudiospisoraca.es\/?page_id=260","title":{"rendered":"Estudios literarios"},"content":{"rendered":"\n<p class=\"text-justify\">El Instituto de Estudios Pisoraca promover\u00e1 los estudios de literatura palentina, regional y nacional. El hecho literario ser\u00e1 contemplado en sus diversas manifestaciones gen\u00e9ricas y ser\u00e1 abordado desde diferentes enfoques. Las manifestaciones locales de la cultura literaria popular ser\u00e1n objeto preferente de estudio, as\u00ed como la informaci\u00f3n relacionada con hechos literarios guardada en archivos locales y regionales.<\/p>\n\n\n\n<p>Los proyectos literarios en curso son los siguientes:<\/p>\n\n\n\n<ul class=\"text-justify wp-block-list\"><li><strong>An\u00e1lisis e inventario de bibliotecas particulares y profesionales de Palencia en el siglo XVI<\/strong>. Este trabajo se llevar\u00e1 a cabo mediante la investigaci\u00f3n en los fondos documentales de los archivos palentinos.<\/li><\/ul>\n","protected":false},"excerpt":{"rendered":"<p>El Instituto de Estudios Pisoraca promover\u00e1 los estudios de literatura palentina, regional y nacional. El hecho literario ser\u00e1 contemplado en sus diversas manifestaciones gen\u00e9ricas y ser\u00e1 abordado desde diferentes enfoques. Las manifestaciones locales de la cultura literaria popular ser\u00e1n objeto preferente de estudio, as\u00ed como la informaci\u00f3n relacionada con hechos literarios guardada en archivos locales [&hellip;]<\/p>\n","protected":false},"author":1,"featured_media":0,"parent":49,"menu_order":0,"comment_status":"closed","ping_status":"closed","template":"fullwidth-page.php","meta":{"footnotes":""},"class_list":["post-260","page","type-page","status-publish","hentry"],"_links":{"self":[{"href":"https:\/\/institutoestudiospisoraca.es\/index.php?rest_route=\/wp\/v2\/pages\/260","targetHints":{"allow":["GET"]}}],"collection":[{"href":"https:\/\/institutoestudiospisoraca.es\/index.php?rest_route=\/wp\/v2\/pages"}],"about":[{"href":"https:\/\/institutoestudiospisoraca.es\/index.php?rest_route=\/wp\/v2\/types\/page"}],"author":[{"embeddable":true,"href":"https:\/\/institutoestudiospisoraca.es\/index.php?rest_route=\/wp\/v2\/users\/1"}],"replies":[{"embeddable":true,"href":"https:\/\/institutoestudiospisoraca.es\/index.php?rest_route=%2Fwp%2Fv2%2Fcomments&post=260"}],"version-history":[{"count":5,"href":"https:\/\/institutoestudiospisoraca.es\/index.php?rest_route=\/wp\/v2\/pages\/260\/revisions"}],"predecessor-version":[{"id":411,"href":"https:\/\/institutoestudiospisoraca.es\/index.php?rest_route=\/wp\/v2\/pages\/260\/revisions\/411"}],"up":[{"embeddable":true,"href":"https:\/\/institutoestudiospisoraca.es\/index.php?rest_route=\/wp\/v2\/pages\/49"}],"wp:attachment":[{"href":"https:\/\/institutoestudiospisoraca.es\/index.php?rest_route=%2Fwp%2Fv2%2Fmedia&parent=260"}],"curies":[{"name":"wp","href":"https:\/\/api.w.org\/{rel}","templated":true}]}}