{"id":357,"date":"2020-04-09T19:09:47","date_gmt":"2020-04-09T17:09:47","guid":{"rendered":"http:\/\/institutoestudiospisoraca.es\/?page_id=357"},"modified":"2020-07-18T19:33:44","modified_gmt":"2020-07-18T17:33:44","slug":"articulos-literarios","status":"publish","type":"page","link":"https:\/\/institutoestudiospisoraca.es\/?page_id=357","title":{"rendered":"Art\u00edculos literarios"},"content":{"rendered":"\n<div class=\"wp-block-media-text alignwide\" style=\"grid-template-columns:16% auto\"><figure class=\"wp-block-media-text__media\"><img loading=\"lazy\" decoding=\"async\" width=\"441\" height=\"639\" src=\"http:\/\/institutoestudiospisoraca.es\/wp-content\/uploads\/2020\/04\/Pedro-de-Palencia.jpg\" alt=\"\" class=\"wp-image-374\" srcset=\"https:\/\/institutoestudiospisoraca.es\/wp-content\/uploads\/2020\/04\/Pedro-de-Palencia.jpg 441w, https:\/\/institutoestudiospisoraca.es\/wp-content\/uploads\/2020\/04\/Pedro-de-Palencia-207x300.jpg 207w\" sizes=\"auto, (max-width: 441px) 100vw, 441px\" \/><\/figure><div class=\"wp-block-media-text__content\">\n<p style=\"font-size:14px\"><em>El inventario de los bienes del librero Pedro de Palencia (1561)<\/em><\/p>\n\n\n\n<p style=\"font-size:12px\">Luis Antonio Arroyo Rodr\u00edguez.<br>Publicaciones de la Instituci\u00f3n Tello T\u00e9llez de Meneses, n\u00ba 72, 2001, p\u00e1gs. 395-416.<br>[<a href=\"http:\/\/institutoestudiospisoraca.es\/wp-content\/uploads\/2020\/04\/ElInventarioDeLosBienesDelLibreroPedroDePalencia.pdf\" target=\"_blank\" rel=\"noreferrer noopener\">Descargar PDF<\/a>] <\/p>\n<\/div><\/div>\n\n\n\n<hr class=\"wp-block-separator\"\/>\n\n\n\n<div class=\"wp-block-media-text alignwide\" style=\"grid-template-columns:17% auto\"><figure class=\"wp-block-media-text__media\"><img loading=\"lazy\" decoding=\"async\" width=\"432\" height=\"633\" src=\"http:\/\/institutoestudiospisoraca.es\/wp-content\/uploads\/2020\/04\/Juan-Cabrero.jpg\" alt=\"\" class=\"wp-image-375\" srcset=\"https:\/\/institutoestudiospisoraca.es\/wp-content\/uploads\/2020\/04\/Juan-Cabrero.jpg 432w, https:\/\/institutoestudiospisoraca.es\/wp-content\/uploads\/2020\/04\/Juan-Cabrero-205x300.jpg 205w\" sizes=\"auto, (max-width: 432px) 100vw, 432px\" \/><\/figure><div class=\"wp-block-media-text__content\">\n<p style=\"font-size:14px\"><em>Las anotaciones del bachiller Juan Cabrero (1523-1530) <\/em><\/p>\n\n\n\n<p style=\"font-size:12px\">Luis Antonio Arroyo Rodr\u00edguez.<br>Publicaciones de la Instituci\u00f3n Tello T\u00e9llez de Meneses, n\u00ba 71, 2000, p\u00e1gs. 373-394.<br>[<a href=\"http:\/\/institutoestudiospisoraca.es\/wp-content\/uploads\/2020\/04\/LasAnotacionesDelBachillerJuanCabrero.pdf\" target=\"_blank\" rel=\"noreferrer noopener\">Descargar PDF<\/a>] <\/p>\n<\/div><\/div>\n\n\n\n<hr class=\"wp-block-separator\"\/>\n\n\n\n<div class=\"wp-block-media-text alignwide\" style=\"grid-template-columns:17% auto\"><figure class=\"wp-block-media-text__media\"><img loading=\"lazy\" decoding=\"async\" width=\"424\" height=\"626\" src=\"http:\/\/institutoestudiospisoraca.es\/wp-content\/uploads\/2020\/04\/Pliegos-de-cordel.jpg\" alt=\"\" class=\"wp-image-376\" srcset=\"https:\/\/institutoestudiospisoraca.es\/wp-content\/uploads\/2020\/04\/Pliegos-de-cordel.jpg 424w, https:\/\/institutoestudiospisoraca.es\/wp-content\/uploads\/2020\/04\/Pliegos-de-cordel-203x300.jpg 203w\" sizes=\"auto, (max-width: 424px) 100vw, 424px\" \/><\/figure><div class=\"wp-block-media-text__content\">\n<p style=\"font-size:14px\"><em>Las mercanc\u00edas de un vendedor de pliegos de cordel de la segunda mitad del siglo XVI<\/em><\/p>\n\n\n\n<p style=\"font-size:12px\">Luis Antonio Arroyo Rodr\u00edguez.<br>Bulletin hispanique, vol. 101, N\u00ba 1, 1999, p\u00e1gs. 247-251<br>[<a href=\"http:\/\/institutoestudiospisoraca.es\/wp-content\/uploads\/2020\/04\/Las-mercanc%C3%ADas-de-un-vendedor-de-pliegos-de-cordel.pdf\" target=\"_blank\" rel=\"noreferrer noopener\">Descargar PDF<\/a>] <\/p>\n<\/div><\/div>\n\n\n\n<hr class=\"wp-block-separator\"\/>\n\n\n\n<div class=\"wp-block-media-text alignwide\" style=\"grid-template-columns:17% auto\"><figure class=\"wp-block-media-text__media\"><img loading=\"lazy\" decoding=\"async\" width=\"432\" height=\"625\" src=\"http:\/\/institutoestudiospisoraca.es\/wp-content\/uploads\/2020\/04\/Noticias-de-Am\u00e9rica.jpg\" alt=\"\" class=\"wp-image-377\" srcset=\"https:\/\/institutoestudiospisoraca.es\/wp-content\/uploads\/2020\/04\/Noticias-de-Am\u00e9rica.jpg 432w, https:\/\/institutoestudiospisoraca.es\/wp-content\/uploads\/2020\/04\/Noticias-de-Am\u00e9rica-207x300.jpg 207w\" sizes=\"auto, (max-width: 432px) 100vw, 432px\" \/><\/figure><div class=\"wp-block-media-text__content\">\n<p style=\"font-size:14px\"><em>Noticias de Am\u00e9rica en la Silva Palentina del Arcediano del Alcor<\/em><\/p>\n\n\n\n<p style=\"font-size:12px\">Luis Antonio Arroyo Rodr\u00edguez.<br>Publicaciones de la Instituci\u00f3n Tello T\u00e9llez de Meneses, n\u00ba 66, 1995, p\u00e1gs. 367-386.<br>[<a href=\"http:\/\/institutoestudiospisoraca.es\/wp-content\/uploads\/2020\/04\/NoticiasDeAmericaEnLaSilvaPalentina.pdf\" target=\"_blank\" rel=\"noreferrer noopener\">Descargar PDF<\/a>] <\/p>\n<\/div><\/div>\n\n\n\n<hr class=\"wp-block-separator\"\/>\n\n\n\n<div class=\"wp-block-media-text alignwide\" style=\"grid-template-columns:17% auto\"><figure class=\"wp-block-media-text__media\"><img loading=\"lazy\" decoding=\"async\" width=\"438\" height=\"632\" src=\"http:\/\/institutoestudiospisoraca.es\/wp-content\/uploads\/2020\/04\/Tom\u00e1s-Paz.jpg\" alt=\"\" class=\"wp-image-378\" srcset=\"https:\/\/institutoestudiospisoraca.es\/wp-content\/uploads\/2020\/04\/Tom\u00e1s-Paz.jpg 438w, https:\/\/institutoestudiospisoraca.es\/wp-content\/uploads\/2020\/04\/Tom\u00e1s-Paz-208x300.jpg 208w\" sizes=\"auto, (max-width: 438px) 100vw, 438px\" \/><\/figure><div class=\"wp-block-media-text__content\">\n<p style=\"font-size:14px\"><em>La biblioteca del can\u00f3nigo Tom\u00e1s Paz (1513-1575)<\/em><\/p>\n\n\n\n<p style=\"font-size:12px\">Luis Antonio Arroyo Rodr\u00edguez.<br>Publicaciones de la Instituci\u00f3n Tello T\u00e9llez de Meneses, n\u00ba 64, 1993, p\u00e1gs. 483-496.<br>[<a href=\"http:\/\/institutoestudiospisoraca.es\/wp-content\/uploads\/2020\/04\/LaBibliotecaDelCanonigoTomasPaz.pdf\" target=\"_blank\" rel=\"noreferrer noopener\">Descargar PDF<\/a>] <\/p>\n<\/div><\/div>\n\n\n\n<hr class=\"wp-block-separator\"\/>\n\n\n\n<div class=\"wp-block-media-text alignwide\" style=\"grid-template-columns:17% auto\"><figure class=\"wp-block-media-text__media\"><img loading=\"lazy\" decoding=\"async\" width=\"446\" height=\"637\" src=\"http:\/\/institutoestudiospisoraca.es\/wp-content\/uploads\/2020\/04\/Francisco-de-Alvarado.jpg\" alt=\"\" class=\"wp-image-379\" srcset=\"https:\/\/institutoestudiospisoraca.es\/wp-content\/uploads\/2020\/04\/Francisco-de-Alvarado.jpg 446w, https:\/\/institutoestudiospisoraca.es\/wp-content\/uploads\/2020\/04\/Francisco-de-Alvarado-210x300.jpg 210w\" sizes=\"auto, (max-width: 446px) 100vw, 446px\" \/><\/figure><div class=\"wp-block-media-text__content\">\n<p style=\"font-size:14px\"><em>Cuentos folkl\u00f3ricos en las&nbsp;<\/em>Cartas cr\u00edticas<em>&nbsp;de Francisco de Alvarado<\/em><\/p>\n\n\n\n<p style=\"font-size:12px\">Luis Antonio Arroyo Rodr\u00edguez.<br>Revista de Dialectolog\u00eda y Tradiciones Populares, XLVII, 1992, p\u00e1gs. 365-370.<br>[<a href=\"http:\/\/institutoestudiospisoraca.es\/wp-content\/uploads\/2020\/04\/Cuentos-folkl%C3%B3ricos-en-la-Cartas-Cr%C3%ADticas-de-Francisco-de-Alvarado.pdf\" target=\"_blank\" rel=\"noreferrer noopener\">Descargar PDF<\/a>] <\/p>\n<\/div><\/div>\n\n\n\n<hr class=\"wp-block-separator\"\/>\n\n\n\n<div class=\"wp-block-media-text alignwide\" style=\"grid-template-columns:17% auto\"><figure class=\"wp-block-media-text__media\"><img loading=\"lazy\" decoding=\"async\" width=\"445\" height=\"636\" src=\"http:\/\/institutoestudiospisoraca.es\/wp-content\/uploads\/2020\/04\/Silva-Palentina.jpg\" alt=\"\" class=\"wp-image-380\" srcset=\"https:\/\/institutoestudiospisoraca.es\/wp-content\/uploads\/2020\/04\/Silva-Palentina.jpg 445w, https:\/\/institutoestudiospisoraca.es\/wp-content\/uploads\/2020\/04\/Silva-Palentina-210x300.jpg 210w\" sizes=\"auto, (max-width: 445px) 100vw, 445px\" \/><\/figure><div class=\"wp-block-media-text__content\">\n<p style=\"font-size:14px\"><em>La forma de la Silva Palentina. Lenguaje y estilo<\/em><\/p>\n\n\n\n<p style=\"font-size:12px\">Luis Antonio Arroyo Rodr\u00edguez.<br>Publicaciones de la Instituci\u00f3n Tello T\u00e9llez de Meneses, n\u00ba 61, 1990, p\u00e1gs. 597-610.<br>[<a href=\"http:\/\/institutoestudiospisoraca.es\/wp-content\/uploads\/2020\/04\/LaFormaDeLaSilvaPalentinaLenguajeYEstilo.pdf\" target=\"_blank\" rel=\"noreferrer noopener\">Descargar PDF<\/a>] <\/p>\n<\/div><\/div>\n\n\n\n<hr class=\"wp-block-separator\"\/>\n\n\n\n<div class=\"wp-block-media-text alignwide\" style=\"grid-template-columns:17% auto\"><figure class=\"wp-block-media-text__media\"><img loading=\"lazy\" decoding=\"async\" width=\"440\" height=\"636\" src=\"http:\/\/institutoestudiospisoraca.es\/wp-content\/uploads\/2020\/04\/Bibliotecas-y-libros-palentinos.jpg\" alt=\"\" class=\"wp-image-381\" srcset=\"https:\/\/institutoestudiospisoraca.es\/wp-content\/uploads\/2020\/04\/Bibliotecas-y-libros-palentinos.jpg 440w, https:\/\/institutoestudiospisoraca.es\/wp-content\/uploads\/2020\/04\/Bibliotecas-y-libros-palentinos-208x300.jpg 208w\" sizes=\"auto, (max-width: 440px) 100vw, 440px\" \/><\/figure><div class=\"wp-block-media-text__content\">\n<p style=\"font-size:14px\"><em>Notas sobre bibliotecas y libros palentinos<\/em><\/p>\n\n\n\n<p style=\"font-size:12px\">Luis Antonio Arroyo Rodr\u00edguez.<br>Publicaciones de la Instituci\u00f3n Tello T\u00e9llez de Meneses, n\u00ba 60, 1989, p\u00e1gs. 543-556.<br>[<a href=\"http:\/\/institutoestudiospisoraca.es\/wp-content\/uploads\/2020\/04\/NotasSobreBibliotecasYLibrosPalentinos.pdf\" target=\"_blank\" rel=\"noreferrer noopener\">Descargar PDF<\/a>] <\/p>\n<\/div><\/div>\n\n\n\n<hr class=\"wp-block-separator\"\/>\n\n\n\n<div class=\"wp-block-media-text alignwide\" style=\"grid-template-columns:17% auto\"><figure class=\"wp-block-media-text__media\"><img loading=\"lazy\" decoding=\"async\" width=\"435\" height=\"642\" src=\"http:\/\/institutoestudiospisoraca.es\/wp-content\/uploads\/2020\/04\/Literatura-palentina-XVI.jpg\" alt=\"\" class=\"wp-image-382\" srcset=\"https:\/\/institutoestudiospisoraca.es\/wp-content\/uploads\/2020\/04\/Literatura-palentina-XVI.jpg 435w, https:\/\/institutoestudiospisoraca.es\/wp-content\/uploads\/2020\/04\/Literatura-palentina-XVI-203x300.jpg 203w\" sizes=\"auto, (max-width: 435px) 100vw, 435px\" \/><\/figure><div class=\"wp-block-media-text__content\">\n<p style=\"font-size:14px\"><em>Dos notas sobre literatura palentina del siglo XVI<\/em><\/p>\n\n\n\n<p style=\"font-size:12px\">Luis Antonio Arroyo Rodr\u00edguez.<br>Publicaciones de la Instituci\u00f3n Tello T\u00e9llez de Meneses, n\u00ba 59, 1988, p\u00e1gs. 689-700.<br>[<a href=\"http:\/\/institutoestudiospisoraca.es\/wp-content\/uploads\/2020\/04\/DosNotasSobreLiteraturaPalentinaDelSigloXVI.pdf\" target=\"_blank\" rel=\"noreferrer noopener\">Descargar PDF<\/a>] <\/p>\n<\/div><\/div>\n\n\n\n<hr class=\"wp-block-separator\"\/>\n\n\n\n<div class=\"wp-block-media-text alignwide\" style=\"grid-template-columns:17% auto\"><figure class=\"wp-block-media-text__media\"><img loading=\"lazy\" decoding=\"async\" width=\"434\" height=\"638\" src=\"http:\/\/institutoestudiospisoraca.es\/wp-content\/uploads\/2020\/04\/Menciones-tempranas.jpg\" alt=\"\" class=\"wp-image-383\" srcset=\"https:\/\/institutoestudiospisoraca.es\/wp-content\/uploads\/2020\/04\/Menciones-tempranas.jpg 434w, https:\/\/institutoestudiospisoraca.es\/wp-content\/uploads\/2020\/04\/Menciones-tempranas-204x300.jpg 204w\" sizes=\"auto, (max-width: 434px) 100vw, 434px\" \/><\/figure><div class=\"wp-block-media-text__content\">\n<p style=\"font-size:14px\"><em>Dos menciones tempranas de la palabra \u201cp\u00edcaro\u201d<\/em><\/p>\n\n\n\n<p style=\"font-size:12px\">Luis Antonio Arroyo Rodr\u00edguez.<br>Publicaciones de la Instituci\u00f3n Tello T\u00e9llez de Meneses, n\u00ba 58, 1987, p\u00e1gs. 333-318.<br>[<a href=\"http:\/\/institutoestudiospisoraca.es\/wp-content\/uploads\/2020\/04\/DosMencionesTempranasDeLaPalabraPicaro.pdf\" target=\"_blank\" rel=\"noreferrer noopener\">Descargar PDF<\/a>] <\/p>\n<\/div><\/div>\n\n\n\n<hr class=\"wp-block-separator\"\/>\n\n\n\n<p><\/p>\n","protected":false},"excerpt":{"rendered":"<p>El inventario de los bienes del librero Pedro de Palencia (1561) Luis Antonio Arroyo Rodr\u00edguez.Publicaciones de la Instituci\u00f3n Tello T\u00e9llez de Meneses, n\u00ba 72, 2001, p\u00e1gs. 395-416.[Descargar PDF] Las anotaciones del bachiller Juan Cabrero (1523-1530) Luis Antonio Arroyo Rodr\u00edguez.Publicaciones de la Instituci\u00f3n Tello T\u00e9llez de Meneses, n\u00ba 71, 2000, p\u00e1gs. 373-394.[Descargar PDF] Las mercanc\u00edas de [&hellip;]<\/p>\n","protected":false},"author":1,"featured_media":0,"parent":61,"menu_order":0,"comment_status":"closed","ping_status":"closed","template":"fullwidth-page.php","meta":{"footnotes":""},"class_list":["post-357","page","type-page","status-publish","hentry"],"_links":{"self":[{"href":"https:\/\/institutoestudiospisoraca.es\/index.php?rest_route=\/wp\/v2\/pages\/357","targetHints":{"allow":["GET"]}}],"collection":[{"href":"https:\/\/institutoestudiospisoraca.es\/index.php?rest_route=\/wp\/v2\/pages"}],"about":[{"href":"https:\/\/institutoestudiospisoraca.es\/index.php?rest_route=\/wp\/v2\/types\/page"}],"author":[{"embeddable":true,"href":"https:\/\/institutoestudiospisoraca.es\/index.php?rest_route=\/wp\/v2\/users\/1"}],"replies":[{"embeddable":true,"href":"https:\/\/institutoestudiospisoraca.es\/index.php?rest_route=%2Fwp%2Fv2%2Fcomments&post=357"}],"version-history":[{"count":5,"href":"https:\/\/institutoestudiospisoraca.es\/index.php?rest_route=\/wp\/v2\/pages\/357\/revisions"}],"predecessor-version":[{"id":463,"href":"https:\/\/institutoestudiospisoraca.es\/index.php?rest_route=\/wp\/v2\/pages\/357\/revisions\/463"}],"up":[{"embeddable":true,"href":"https:\/\/institutoestudiospisoraca.es\/index.php?rest_route=\/wp\/v2\/pages\/61"}],"wp:attachment":[{"href":"https:\/\/institutoestudiospisoraca.es\/index.php?rest_route=%2Fwp%2Fv2%2Fmedia&parent=357"}],"curies":[{"name":"wp","href":"https:\/\/api.w.org\/{rel}","templated":true}]}}