{"id":359,"date":"2020-04-09T19:10:21","date_gmt":"2020-04-09T17:10:21","guid":{"rendered":"http:\/\/institutoestudiospisoraca.es\/?page_id=359"},"modified":"2026-04-27T02:55:40","modified_gmt":"2026-04-27T00:55:40","slug":"articulos-arqueologicos","status":"publish","type":"page","link":"https:\/\/institutoestudiospisoraca.es\/?page_id=359","title":{"rendered":"Art\u00edculos arqueol\u00f3gicos"},"content":{"rendered":"\n<p class=\"has-medium-font-size\"><strong>Orden: fecha descendente<\/strong><em><br><\/em><\/p>\n\n\n\n<div class=\"wp-block-media-text alignwide is-stacked-on-mobile\" style=\"grid-template-columns:16% auto\"><figure class=\"wp-block-media-text__media\"><img loading=\"lazy\" decoding=\"async\" width=\"600\" height=\"846\" src=\"https:\/\/institutoestudiospisoraca.es\/wp-content\/uploads\/2026\/04\/SAUTUOLA-Vol-27-28-2023.jpg\" alt=\"\" class=\"wp-image-592 size-full\" srcset=\"https:\/\/institutoestudiospisoraca.es\/wp-content\/uploads\/2026\/04\/SAUTUOLA-Vol-27-28-2023.jpg 600w, https:\/\/institutoestudiospisoraca.es\/wp-content\/uploads\/2026\/04\/SAUTUOLA-Vol-27-28-2023-213x300.jpg 213w\" sizes=\"auto, (max-width: 600px) 100vw, 600px\" \/><\/figure><div class=\"wp-block-media-text__content\">\n<p style=\"font-size:14px\"><em>Dos <\/em>modioli <em>de <\/em>terra sigillata<em> it\u00e1lica aretina procedentes de La Chorquilla (Herrera de Pisuerga, Palencia)<\/em><\/p>\n\n\n\n<p style=\"font-size:12px\">Ces\u00e1reo P\u00e9rez Gonz\u00e1lez<br>Sautuola XXVII-XXVIII (2023), Santander, p\u00e1gs. 149-159.<br>[<a href=\"https:\/\/institutoestudiospisoraca.es\/wp-content\/uploads\/2026\/04\/SAUTUOLA-Vol-27-28-2023_PEREZ-GONZALEZ.pdf\" target=\"_blank\" rel=\"noreferrer noopener\">Descargar PDF<\/a>]<\/p>\n<\/div><\/div>\n\n\n\n<hr class=\"wp-block-separator has-alpha-channel-opacity\"\/>\n\n\n\n<div class=\"wp-block-media-text alignwide is-stacked-on-mobile\" style=\"grid-template-columns:18% auto\"><figure class=\"wp-block-media-text__media\"><img loading=\"lazy\" decoding=\"async\" width=\"670\" height=\"896\" src=\"https:\/\/institutoestudiospisoraca.es\/wp-content\/uploads\/2021\/12\/Petral_img.jpg\" alt=\"\" class=\"wp-image-502 size-full\" srcset=\"https:\/\/institutoestudiospisoraca.es\/wp-content\/uploads\/2021\/12\/Petral_img.jpg 670w, https:\/\/institutoestudiospisoraca.es\/wp-content\/uploads\/2021\/12\/Petral_img-224x300.jpg 224w\" sizes=\"auto, (max-width: 670px) 100vw, 670px\" \/><\/figure><div class=\"wp-block-media-text__content\">\n<p style=\"font-size:14px\"><em>Un petral de arn\u00e9s equino altoimperial de Herrera de Pisuerga (Palencia-Espa\u00f1a)<\/em><\/p>\n\n\n\n<p style=\"font-size:12px\">Ces\u00e1reo P\u00e9rez Gonz\u00e1lez,  Emilio Illarregui G\u00f3mez, Pablo Arribas Lobo<br>Novensia, 24 (2013), Varsovia, p\u00e1gs. 201-210.<br>[<a rel=\"noreferrer noopener\" href=\"https:\/\/institutoestudiospisoraca.es\/wp-content\/uploads\/2021\/12\/petral_de_herrera_de_pisuerga.pdf\" target=\"_blank\">Descargar PDF<\/a>] <\/p>\n<\/div><\/div>\n\n\n\n<hr class=\"wp-block-separator has-css-opacity\"\/>\n\n\n\n<div class=\"wp-block-media-text alignwide\" style=\"grid-template-columns:18% auto\"><figure class=\"wp-block-media-text__media\"><img loading=\"lazy\" decoding=\"async\" width=\"150\" height=\"211\" src=\"http:\/\/institutoestudiospisoraca.es\/wp-content\/uploads\/2019\/07\/Anuario_10a.jpg\" alt=\"\" class=\"wp-image-216 size-full\"\/><\/figure><div class=\"wp-block-media-text__content\">\n<p style=\"font-size:14px\"><em>Terra sigillata it\u00e1lica decorada en Hispania, IV. El alfarero<\/em> Pantagathvs C. Anni<\/p>\n\n\n\n<p style=\"font-size:12px\">Ces\u00e1reo P\u00e9rez Gonz\u00e1lez.<br>Anuario de la Universidad Internacional SEK, N\u00ba. 10, 2005 , p\u00e1gs. 9-16.<br>[<a rel=\"noreferrer noopener\" aria-label=\"Descargar PDF (abre en una nueva pesta\u00f1a)\" href=\"http:\/\/institutoestudiospisoraca.es\/wp-content\/uploads\/2019\/07\/Anuario_10a-1.pdf\" target=\"_blank\">Descargar PDF<\/a>] <\/p>\n<\/div><\/div>\n\n\n\n<hr class=\"wp-block-separator has-css-opacity\"\/>\n\n\n\n<div class=\"wp-block-media-text alignwide is-stacked-on-mobile\" style=\"grid-template-columns:17% auto\"><figure class=\"wp-block-media-text__media\"><img loading=\"lazy\" decoding=\"async\" width=\"689\" height=\"951\" src=\"https:\/\/institutoestudiospisoraca.es\/wp-content\/uploads\/2021\/12\/Tellius_img.jpg\" alt=\"\" class=\"wp-image-505 size-full\" srcset=\"https:\/\/institutoestudiospisoraca.es\/wp-content\/uploads\/2021\/12\/Tellius_img.jpg 689w, https:\/\/institutoestudiospisoraca.es\/wp-content\/uploads\/2021\/12\/Tellius_img-217x300.jpg 217w\" sizes=\"auto, (max-width: 689px) 100vw, 689px\" \/><\/figure><div class=\"wp-block-media-text__content\">\n<p style=\"font-size:14px\"> <em>Terra sigillata it\u00e1lica decorada en Hispania: I, el alfarero aretino <\/em>C. Tellivs<\/p>\n\n\n\n<p style=\"font-size:12px\">Ces\u00e1reo P\u00e9rez Gonz\u00e1lez.<br>KOBIE (serie Anejos). Bilbao. Bizkaiko Foru Aldundia-Diputaci\u00f3n Foral de Bizkaia. N.\u00ba 6 (vol. 1), p\u00e1gs. 515 a 526, a\u00f1o 2004.<br>[<a href=\"https:\/\/institutoestudiospisoraca.es\/wp-content\/uploads\/2021\/12\/kobie_6_vol_1y2_anejos_TERRA-SIGILLATA-ITALICA-DECORADA-EN-HISPANIA_-I-E.pdf\" target=\"_blank\" rel=\"noreferrer noopener\">Descargar PDF<\/a>] <\/p>\n<\/div><\/div>\n\n\n\n<hr class=\"wp-block-separator has-css-opacity\"\/>\n\n\n\n<div class=\"wp-block-media-text alignwide\" style=\"grid-template-columns:18% auto\"><figure class=\"wp-block-media-text__media\"><img loading=\"lazy\" decoding=\"async\" width=\"150\" height=\"211\" src=\"http:\/\/institutoestudiospisoraca.es\/wp-content\/uploads\/2019\/07\/Anuario_09a.jpg\" alt=\"\" class=\"wp-image-215 size-full\"\/><\/figure><div class=\"wp-block-media-text__content\">\n<p style=\"font-size:14px\"><em>Terra sigillata it\u00e1lica decorada en Hispania: II<\/em>. C. Fastidienvs <\/p>\n\n\n\n<p style=\"font-size:12px\">Ces\u00e1reo P\u00e9rez Gonz\u00e1lez.<br>Anuario de la Universidad Internacional SEK, N\u00ba. 9, 2004 , p\u00e1gs. 39-46.<br>[<a rel=\"noreferrer noopener\" aria-label=\"Descargar PDF (abre en una nueva pesta\u00f1a)\" href=\"http:\/\/institutoestudiospisoraca.es\/wp-content\/uploads\/2019\/07\/Anuario_09a.pdf\" target=\"_blank\">Descargar PDF<\/a>] <\/p>\n<\/div><\/div>\n\n\n\n<hr class=\"wp-block-separator has-css-opacity\"\/>\n\n\n\n<div class=\"wp-block-media-text alignwide\" style=\"grid-template-columns:18% auto\"><figure class=\"wp-block-media-text__media\"><img loading=\"lazy\" decoding=\"async\" width=\"150\" height=\"220\" src=\"http:\/\/institutoestudiospisoraca.es\/wp-content\/uploads\/2019\/07\/Anuario_08b.jpg\" alt=\"\" class=\"wp-image-214 size-full\"\/><\/figure><div class=\"wp-block-media-text__content\">\n<p style=\"font-size:14px\"><em>Acerca de la arqueolog\u00eda del paisaje<\/em> <\/p>\n\n\n\n<p style=\"font-size:12px\">Emilio Illarregui G\u00f3mez.<br>Anuario de la Universidad Internacional SEK, N\u00ba. 8, 2003 , p\u00e1gs. 285-291.<br>[<a rel=\"noreferrer noopener\" aria-label=\"Descargar PDF (abre en una nueva pesta\u00f1a)\" href=\"http:\/\/institutoestudiospisoraca.es\/wp-content\/uploads\/2019\/07\/Anuario_08b.pdf\" target=\"_blank\">Descargar PDF<\/a>] <\/p>\n<\/div><\/div>\n\n\n\n<hr class=\"wp-block-separator has-css-opacity\"\/>\n\n\n\n<div class=\"wp-block-media-text alignwide is-stacked-on-mobile\" style=\"grid-template-columns:16% auto\"><figure class=\"wp-block-media-text__media\"><img loading=\"lazy\" decoding=\"async\" width=\"642\" height=\"944\" src=\"https:\/\/institutoestudiospisoraca.es\/wp-content\/uploads\/2021\/12\/Pisoraca99_img.jpg\" alt=\"\" class=\"wp-image-503 size-full\" srcset=\"https:\/\/institutoestudiospisoraca.es\/wp-content\/uploads\/2021\/12\/Pisoraca99_img.jpg 642w, https:\/\/institutoestudiospisoraca.es\/wp-content\/uploads\/2021\/12\/Pisoraca99_img-204x300.jpg 204w\" sizes=\"auto, (max-width: 642px) 100vw, 642px\" \/><\/figure><div class=\"wp-block-media-text__content\">\n<p style=\"font-size:14px\"><em>Pisoraca (Herrera de Pisuerga). Urbanismo militar y civil de \u00e9poca romana<\/em><\/p>\n\n\n\n<p style=\"font-size:12px\">Ces\u00e1reo P\u00e9rez Gonz\u00e1lez<br>Los or\u00edgenes de la ciudad en el noroeste hisp\u00e1nico: actas del Congreso Internacional. Lugo, 15-18 de mayo de 1996 \/ coord. por Antonio Rodr\u00edguez Colmenero, Vol. 1, 1999, p\u00e1g. 535.<br>[<a href=\"https:\/\/institutoestudiospisoraca.es\/wp-content\/uploads\/2021\/12\/Perez-Gonzalez-1999_Pisoraca.-Urbanismo-militar-y-civil.pdf\" target=\"_blank\" rel=\"noreferrer noopener\">Descargar PDF<\/a>]<\/p>\n<\/div><\/div>\n\n\n\n<hr class=\"wp-block-separator has-css-opacity\"\/>\n\n\n\n<div class=\"wp-block-media-text alignwide\" style=\"grid-template-columns:17% auto\"><figure class=\"wp-block-media-text__media\"><img loading=\"lazy\" decoding=\"async\" width=\"552\" height=\"838\" src=\"https:\/\/institutoestudiospisoraca.es\/wp-content\/uploads\/2021\/04\/Vasos_port.jpg\" alt=\"\" class=\"wp-image-479 size-full\" srcset=\"https:\/\/institutoestudiospisoraca.es\/wp-content\/uploads\/2021\/04\/Vasos_port.jpg 552w, https:\/\/institutoestudiospisoraca.es\/wp-content\/uploads\/2021\/04\/Vasos_port-198x300.jpg 198w\" sizes=\"auto, (max-width: 552px) 100vw, 552px\" \/><\/figure><div class=\"wp-block-media-text__content\">\n<p style=\"font-size:14px\"><em>Algunos vasos cer\u00e1micos fabricados en Hispania en \u00e9poca Julio-Claudia<\/em><\/p>\n\n\n\n<p style=\"font-size:12px\">Ces\u00e1reo P\u00e9rez Gonz\u00e1lez, Emilio Illarregui G\u00f3mez.<br>Actas del III Congreso de Historia de Palencia: 30, 31 de marzo y 1 de abril de 1995 \/ coord. por Mar\u00eda Valentina Calleja Gonz\u00e1lez, Vol. 1, 1996 (Prehistoria, Arqueolog\u00eda e Historia Antigua), p\u00e1gs. 415-430.<br>[<a rel=\"noreferrer noopener\" href=\"https:\/\/institutoestudiospisoraca.es\/wp-content\/uploads\/2021\/04\/CPG-EIG-1996_Algunos-vasos-ceramicos-fabricados-en-Hispania-en-epoca-julio-claudia.pdf\" target=\"_blank\">Descargar PDF<\/a>]<\/p>\n<\/div><\/div>\n\n\n\n<hr class=\"wp-block-separator has-css-opacity\"\/>\n\n\n\n<div class=\"wp-block-media-text alignwide is-stacked-on-mobile\" style=\"grid-template-columns:17% auto\"><figure class=\"wp-block-media-text__media\"><img loading=\"lazy\" decoding=\"async\" width=\"663\" height=\"897\" src=\"https:\/\/institutoestudiospisoraca.es\/wp-content\/uploads\/2021\/04\/Herrera_port.jpg\" alt=\"\" class=\"wp-image-478 size-full\" srcset=\"https:\/\/institutoestudiospisoraca.es\/wp-content\/uploads\/2021\/04\/Herrera_port.jpg 663w, https:\/\/institutoestudiospisoraca.es\/wp-content\/uploads\/2021\/04\/Herrera_port-222x300.jpg 222w\" sizes=\"auto, (max-width: 663px) 100vw, 663px\" \/><\/figure><div class=\"wp-block-media-text__content\">\n<p style=\"font-size:14px\"><em>Asentamientos militares en Herrera de Pisuerga<\/em><\/p>\n\n\n\n<p style=\"font-size:12px\">Ces\u00e1reo P\u00e9rez Gonz\u00e1lez.<br>Los finisterres atl\u00e1nticos en la antig\u00fcedad : \u00e9poca prerromana y romana (Coloquio internacional) : homenaje a Manuel Fern\u00e1ndez Miranda \/ coord. por Carmen Fern\u00e1ndez Ochoa, 1996,  p\u00e1gs. 91-102.<br>[<a href=\"https:\/\/institutoestudiospisoraca.es\/wp-content\/uploads\/2021\/04\/CPG-1996_Asentamientos-militares-en-Herrera-de-Pisuerga.pdf\" target=\"_blank\" rel=\"noreferrer noopener\">Descargar PDF<\/a>]<\/p>\n<\/div><\/div>\n\n\n\n<hr class=\"wp-block-separator has-css-opacity\"\/>\n\n\n\n<div class=\"wp-block-media-text alignwide is-stacked-on-mobile\" style=\"grid-template-columns:17% auto\"><figure class=\"wp-block-media-text__media\"><img loading=\"lazy\" decoding=\"async\" width=\"150\" height=\"220\" src=\"https:\/\/institutoestudiospisoraca.es\/wp-content\/uploads\/2019\/07\/Anuario_01b.jpg\" alt=\"\" class=\"wp-image-212 size-full\"\/><\/figure><div class=\"wp-block-media-text__content\">\n<p style=\"font-size:14px\"><em>Una testera militar de caballo en bronce de \u00e9poca augustea en Espa\u00f1a<\/em><\/p>\n\n\n\n<p style=\"font-size:12px\">Ces\u00e1reo P\u00e9rez Gonz\u00e1lez.<br>Anuario de la Universidad Internacional SEK, N\u00ba. 1, 1995 , p\u00e1gs. 53-68.<br>[<a rel=\"noreferrer noopener\" href=\"http:\/\/institutoestudiospisoraca.es\/wp-content\/uploads\/2019\/07\/Anuario_01b.pdf\" target=\"_blank\">Descargar PDF<\/a>]<\/p>\n<\/div><\/div>\n\n\n\n<hr class=\"wp-block-separator has-css-opacity\"\/>\n\n\n\n<div class=\"wp-block-media-text alignwide\" style=\"grid-template-columns:17% auto\"><figure class=\"wp-block-media-text__media\"><img loading=\"lazy\" decoding=\"async\" width=\"425\" height=\"640\" src=\"http:\/\/institutoestudiospisoraca.es\/wp-content\/uploads\/2019\/09\/SEK_1995.jpg\" alt=\"\" class=\"wp-image-335 size-full\" srcset=\"https:\/\/institutoestudiospisoraca.es\/wp-content\/uploads\/2019\/09\/SEK_1995.jpg 425w, https:\/\/institutoestudiospisoraca.es\/wp-content\/uploads\/2019\/09\/SEK_1995-199x300.jpg 199w\" sizes=\"auto, (max-width: 425px) 100vw, 425px\" \/><\/figure><div class=\"wp-block-media-text__content\">\n<p style=\"font-size:14px\"><em>Proyecto de investigaci\u00f3n integral Herrera de Pisuerga. Un taller de \u00fatiles \u00f3seos de la Legi\u00f3n IV Maced\u00f3nica. <\/em><\/p>\n\n\n\n<p style=\"font-size:12px\">Ces\u00e1reo P\u00e9rez Gonz\u00e1lez.<br>Universidad SEK, enero 1995. <br>[<a href=\"http:\/\/institutoestudiospisoraca.es\/wp-content\/uploads\/2019\/09\/SEK_Enero-1995.pdf\" target=\"_blank\" rel=\"noreferrer noopener\" aria-label=\" (abre en una nueva pesta\u00f1a)\">Descargar PDF<\/a>]   <\/p>\n<\/div><\/div>\n\n\n\n<hr class=\"wp-block-separator has-css-opacity\"\/>\n\n\n\n<div class=\"wp-block-media-text alignwide is-stacked-on-mobile\" style=\"grid-template-columns:17% auto\"><figure class=\"wp-block-media-text__media\"><img loading=\"lazy\" decoding=\"async\" width=\"460\" height=\"637\" src=\"https:\/\/institutoestudiospisoraca.es\/wp-content\/uploads\/2020\/06\/Pisoraca_port.jpg\" alt=\"\" class=\"wp-image-438 size-full\" srcset=\"https:\/\/institutoestudiospisoraca.es\/wp-content\/uploads\/2020\/06\/Pisoraca_port.jpg 460w, https:\/\/institutoestudiospisoraca.es\/wp-content\/uploads\/2020\/06\/Pisoraca_port-217x300.jpg 217w\" sizes=\"auto, (max-width: 460px) 100vw, 460px\" \/><\/figure><div class=\"wp-block-media-text__content\">\n<p style=\"font-size:14px\"><em>Pisoraca. Un interesante conjunto de yacimientos arqueol\u00f3gicos<\/em><\/p>\n\n\n\n<p style=\"font-size:12px\">Ces\u00e1reo P\u00e9rez Gonz\u00e1lez, Emilio Illarregui G\u00f3mez, Carmelo Fern\u00e1ndez<br>Revista de Arqueolog\u00eda, abril de 1991, p\u00e1gs. 18-26. <br>[<a rel=\"noreferrer noopener\" href=\"https:\/\/institutoestudiospisoraca.es\/wp-content\/uploads\/2020\/06\/PISORACA_un_interesante_libre.pdf\" target=\"_blank\">Descargar PDF<\/a>]  <\/p>\n<\/div><\/div>\n\n\n\n<hr class=\"wp-block-separator has-css-opacity\"\/>\n\n\n\n<div class=\"wp-block-media-text is-stacked-on-mobile\" style=\"grid-template-columns:17% auto\"><figure class=\"wp-block-media-text__media\"><img loading=\"lazy\" decoding=\"async\" width=\"793\" height=\"951\" src=\"https:\/\/institutoestudiospisoraca.es\/wp-content\/uploads\/2023\/11\/Altam_jpg.jpg\" alt=\"\" class=\"wp-image-553 size-full\" srcset=\"https:\/\/institutoestudiospisoraca.es\/wp-content\/uploads\/2023\/11\/Altam_jpg.jpg 793w, https:\/\/institutoestudiospisoraca.es\/wp-content\/uploads\/2023\/11\/Altam_jpg-250x300.jpg 250w, https:\/\/institutoestudiospisoraca.es\/wp-content\/uploads\/2023\/11\/Altam_jpg-768x921.jpg 768w\" sizes=\"auto, (max-width: 793px) 100vw, 793px\" \/><\/figure><div class=\"wp-block-media-text__content\">\n<p style=\"font-size:14px\"><em>Notas sobre cer\u00e1mica romana en la antigua Cantabria (II). Marcas de alfareros sobre Terra Sigillata en Cantabria<\/em><\/p>\n\n\n\n<p style=\"font-size:12px\">Ces\u00e1reo P\u00e9rez Gonz\u00e1lez, Emilio Illarregui G\u00f3mez, Carmelo Fern\u00e1ndez.<br>Altamira: Revista del Centro de Estudios Monta\u00f1eses, tomo XLVIII (1989). P\u00e1gs. 7-23. <br>[<a rel=\"noreferrer noopener\" href=\"https:\/\/institutoestudiospisoraca.es\/wp-content\/uploads\/2023\/11\/Altamira1989_art.pdf\" data-type=\"page\" data-id=\"361\" target=\"_blank\">Descargar PDF<\/a>]  <\/p>\n<\/div><\/div>\n\n\n\n<hr class=\"wp-block-separator has-alpha-channel-opacity\"\/>\n\n\n\n<div class=\"wp-block-media-text alignwide\" style=\"grid-template-columns:17% auto\"><figure class=\"wp-block-media-text__media\"><img loading=\"lazy\" decoding=\"async\" width=\"441\" height=\"634\" src=\"http:\/\/institutoestudiospisoraca.es\/wp-content\/uploads\/2019\/09\/SEK_1989.jpg\" alt=\"\" class=\"wp-image-333 size-full\" srcset=\"https:\/\/institutoestudiospisoraca.es\/wp-content\/uploads\/2019\/09\/SEK_1989.jpg 441w, https:\/\/institutoestudiospisoraca.es\/wp-content\/uploads\/2019\/09\/SEK_1989-209x300.jpg 209w\" sizes=\"auto, (max-width: 441px) 100vw, 441px\" \/><\/figure><div class=\"wp-block-media-text__content\">\n<p style=\"font-size:14px\"><em>Las llamadas <\/em>cajitas celtib\u00e9ricas<em> de \u00e9poca romana de Villabermudo<\/em><\/p>\n\n\n\n<p style=\"font-size:12px\">Ces\u00e1reo P\u00e9rez Gonz\u00e1lez, Emilio Illarregui G\u00f3mez.<br>Revista informativa de la Instituci\u00f3n SEK, noviembre de 1989. P\u00e1gs. 55-62. <br>[<a rel=\"noreferrer noopener\" aria-label=\" (abre en una nueva pesta\u00f1a)\" href=\"http:\/\/institutoestudiospisoraca.es\/wp-content\/uploads\/2019\/09\/SEK_Nov-1989.pdf\" target=\"_blank\">Descargar PDF<\/a>]  <\/p>\n<\/div><\/div>\n\n\n\n<hr class=\"wp-block-separator has-css-opacity\"\/>\n\n\n\n<div class=\"wp-block-media-text alignwide\" style=\"grid-template-columns:19% auto\"><figure class=\"wp-block-media-text__media\"><img loading=\"lazy\" decoding=\"async\" width=\"150\" height=\"211\" src=\"http:\/\/institutoestudiospisoraca.es\/wp-content\/uploads\/2019\/07\/Arqueologia-Espacial_10.jpg\" alt=\"\" class=\"wp-image-217 size-full\"\/><\/figure><div class=\"wp-block-media-text__content\">\n<p style=\"font-size:14px\"><em>El desarrollo urban\u00edstico en Herrera de Pisuerga (Palencia) seg\u00fan la repartici\u00f3n de las marcas de Alfarero en T.S. <\/em><\/p>\n\n\n\n<p style=\"font-size:12px\">Ces\u00e1reo P\u00e9rez Gonz\u00e1lez.<br>Arqueolog\u00eda espacial, N\u00ba 10, 1986 , p\u00e1gs. 45-56.<br>[<a href=\"https:\/\/institutoestudiospisoraca.es\/wp-content\/uploads\/2019\/07\/Arqueologia-Espacial_10.pdf\" target=\"_blank\" rel=\"noreferrer noopener\">Descargar PDF<\/a>] <\/p>\n<\/div><\/div>\n\n\n\n<hr class=\"wp-block-separator has-css-opacity\"\/>\n\n\n\n<div class=\"wp-block-media-text alignwide is-stacked-on-mobile\" style=\"grid-template-columns:16% auto\"><figure class=\"wp-block-media-text__media\"><img loading=\"lazy\" decoding=\"async\" width=\"462\" height=\"629\" src=\"https:\/\/institutoestudiospisoraca.es\/wp-content\/uploads\/2020\/06\/Aquincum_port.jpg\" alt=\"\" class=\"wp-image-435 size-full\" srcset=\"https:\/\/institutoestudiospisoraca.es\/wp-content\/uploads\/2020\/06\/Aquincum_port.jpg 462w, https:\/\/institutoestudiospisoraca.es\/wp-content\/uploads\/2020\/06\/Aquincum_port-220x300.jpg 220w\" sizes=\"auto, (max-width: 462px) 100vw, 462px\" \/><\/figure><div class=\"wp-block-media-text__content\">\n<p style=\"font-size:14px\"><em>Aquincum. Instalaciones militares en la antigua Panonia<\/em><\/p>\n\n\n\n<p style=\"font-size:12px\">Ces\u00e1reo P\u00e9rez Gonz\u00e1lez, Emilio Illarregui G\u00f3mez<br>Revista de Arqueolog\u00eda, octubre de 1986 , p\u00e1gs. 45-57.<br>[<a href=\"https:\/\/institutoestudiospisoraca.es\/wp-content\/uploads\/2020\/06\/Aquincum.pdf\" target=\"_blank\" rel=\"noreferrer noopener\">Descargar PDF<\/a>]<\/p>\n<\/div><\/div>\n\n\n\n<hr class=\"wp-block-separator has-css-opacity\"\/>\n\n\n\n<div class=\"wp-block-media-text alignwide\" style=\"grid-template-columns:16% auto\"><figure class=\"wp-block-media-text__media\"><img loading=\"lazy\" decoding=\"async\" width=\"438\" height=\"637\" src=\"http:\/\/institutoestudiospisoraca.es\/wp-content\/uploads\/2019\/09\/SEK_1986.jpg\" alt=\"\" class=\"wp-image-332 size-full\" srcset=\"https:\/\/institutoestudiospisoraca.es\/wp-content\/uploads\/2019\/09\/SEK_1986.jpg 438w, https:\/\/institutoestudiospisoraca.es\/wp-content\/uploads\/2019\/09\/SEK_1986-206x300.jpg 206w\" sizes=\"auto, (max-width: 438px) 100vw, 438px\" \/><\/figure><div class=\"wp-block-media-text__content\">\n<p style=\"font-size:14px\"><em>La arqueolog\u00eda en las ense\u00f1anzas medias: an\u00e1lisis de una experiencia<\/em><\/p>\n\n\n\n<p style=\"font-size:12px\">Ces\u00e1reo P\u00e9rez Gonz\u00e1lez.<br>Revista informativa de la Instituci\u00f3n SEK, mayo de 1986 , p\u00e1gs. 52-60.<br>[<a href=\"http:\/\/institutoestudiospisoraca.es\/wp-content\/uploads\/2019\/09\/SEK_Mayo-1986.pdf\" target=\"_blank\" rel=\"noreferrer noopener\" aria-label=\" (abre en una nueva pesta\u00f1a)\">Descargar PDF<\/a>]  <\/p>\n<\/div><\/div>\n\n\n\n<hr class=\"wp-block-separator has-css-opacity\"\/>\n\n\n\n<div class=\"wp-block-media-text alignwide is-stacked-on-mobile\" style=\"grid-template-columns:16% auto\"><figure class=\"wp-block-media-text__media\"><img loading=\"lazy\" decoding=\"async\" width=\"457\" height=\"628\" src=\"https:\/\/institutoestudiospisoraca.es\/wp-content\/uploads\/2020\/06\/Carnuntum_port.jpg\" alt=\"\" class=\"wp-image-437 size-full\" srcset=\"https:\/\/institutoestudiospisoraca.es\/wp-content\/uploads\/2020\/06\/Carnuntum_port.jpg 457w, https:\/\/institutoestudiospisoraca.es\/wp-content\/uploads\/2020\/06\/Carnuntum_port-218x300.jpg 218w\" sizes=\"auto, (max-width: 457px) 100vw, 457px\" \/><\/figure><div class=\"wp-block-media-text__content\">\n<p style=\"font-size:14px\"><em>Carnuntum: asentamiento militar en la antigua Panonia<\/em><\/p>\n\n\n\n<p style=\"font-size:12px\">Ces\u00e1reo P\u00e9rez Gonz\u00e1lez, Jos\u00e9 Antonio Eguiagaray Cano<br>Revista de Arqueolog\u00eda, abril de 1986 , p\u00e1gs. 15-31.<br>[<a href=\"https:\/\/institutoestudiospisoraca.es\/wp-content\/uploads\/2020\/06\/Carnuntum.pdf\" target=\"_blank\" rel=\"noreferrer noopener\">Descargar PDF<\/a>]<\/p>\n<\/div><\/div>\n","protected":false},"excerpt":{"rendered":"<p>Orden: fecha descendente Dos modioli de terra sigillata it\u00e1lica aretina procedentes de La Chorquilla (Herrera de Pisuerga, Palencia) Ces\u00e1reo P\u00e9rez Gonz\u00e1lezSautuola XXVII-XXVIII (2023), Santander, p\u00e1gs. 149-159.[Descargar PDF] Un petral de arn\u00e9s equino altoimperial de Herrera de Pisuerga (Palencia-Espa\u00f1a) Ces\u00e1reo P\u00e9rez Gonz\u00e1lez, Emilio Illarregui G\u00f3mez, Pablo Arribas LoboNovensia, 24 (2013), Varsovia, p\u00e1gs. 201-210.[Descargar PDF] Terra sigillata [&hellip;]<\/p>\n","protected":false},"author":1,"featured_media":0,"parent":61,"menu_order":0,"comment_status":"closed","ping_status":"closed","template":"fullwidth-page.php","meta":{"footnotes":""},"class_list":["post-359","page","type-page","status-publish","hentry"],"_links":{"self":[{"href":"https:\/\/institutoestudiospisoraca.es\/index.php?rest_route=\/wp\/v2\/pages\/359","targetHints":{"allow":["GET"]}}],"collection":[{"href":"https:\/\/institutoestudiospisoraca.es\/index.php?rest_route=\/wp\/v2\/pages"}],"about":[{"href":"https:\/\/institutoestudiospisoraca.es\/index.php?rest_route=\/wp\/v2\/types\/page"}],"author":[{"embeddable":true,"href":"https:\/\/institutoestudiospisoraca.es\/index.php?rest_route=\/wp\/v2\/users\/1"}],"replies":[{"embeddable":true,"href":"https:\/\/institutoestudiospisoraca.es\/index.php?rest_route=%2Fwp%2Fv2%2Fcomments&post=359"}],"version-history":[{"count":22,"href":"https:\/\/institutoestudiospisoraca.es\/index.php?rest_route=\/wp\/v2\/pages\/359\/revisions"}],"predecessor-version":[{"id":595,"href":"https:\/\/institutoestudiospisoraca.es\/index.php?rest_route=\/wp\/v2\/pages\/359\/revisions\/595"}],"up":[{"embeddable":true,"href":"https:\/\/institutoestudiospisoraca.es\/index.php?rest_route=\/wp\/v2\/pages\/61"}],"wp:attachment":[{"href":"https:\/\/institutoestudiospisoraca.es\/index.php?rest_route=%2Fwp%2Fv2%2Fmedia&parent=359"}],"curies":[{"name":"wp","href":"https:\/\/api.w.org\/{rel}","templated":true}]}}