{"id":361,"date":"2020-04-09T19:34:57","date_gmt":"2020-04-09T17:34:57","guid":{"rendered":"http:\/\/institutoestudiospisoraca.es\/?page_id=361"},"modified":"2023-07-19T21:33:52","modified_gmt":"2023-07-19T19:33:52","slug":"articulos-historicos","status":"publish","type":"page","link":"https:\/\/institutoestudiospisoraca.es\/?page_id=361","title":{"rendered":"Art\u00edculos hist\u00f3ricos"},"content":{"rendered":"\n<div class=\"wp-block-media-text alignwide\" style=\"grid-template-columns:16% auto\"><figure class=\"wp-block-media-text__media\"><img loading=\"lazy\" decoding=\"async\" width=\"150\" height=\"220\" src=\"http:\/\/institutoestudiospisoraca.es\/wp-content\/uploads\/2019\/07\/Anuario_08a.jpg\" alt=\"\" class=\"wp-image-213 size-full\"\/><\/figure><div class=\"wp-block-media-text__content\">\n<p style=\"font-size:14px\"><em>Un ejemplo de repoblaci\u00f3n en la Espa\u00f1a ilustrada: San Carlos de Ab\u00e1nades<\/em> <\/p>\n\n\n\n<p style=\"font-size:12px\">Ces\u00e1reo P\u00e9rez Gonz\u00e1lez, Luis Antonio Arroyo Rodr\u00edguez.<br>Anuario de la Universidad Internacional SEK, N\u00ba. 8, 2003 , p\u00e1gs. 73-84.<br>[<a rel=\"noreferrer noopener\" aria-label=\"Descargar PDF (abre en una nueva pesta\u00f1a)\" href=\"http:\/\/institutoestudiospisoraca.es\/wp-content\/uploads\/2019\/07\/Anuario_08a.pdf\" target=\"_blank\">Descargar PDF<\/a>] <\/p>\n<\/div><\/div>\n\n\n\n<hr class=\"wp-block-separator has-css-opacity\"\/>\n\n\n\n<div class=\"wp-block-media-text alignwide\" style=\"grid-template-columns:17% auto\"><figure class=\"wp-block-media-text__media\"><img loading=\"lazy\" decoding=\"async\" width=\"150\" height=\"211\" src=\"http:\/\/institutoestudiospisoraca.es\/wp-content\/uploads\/2019\/07\/Historia-de-Palencia_1-1.jpg\" alt=\"\" class=\"wp-image-218 size-full\"\/><\/figure><div class=\"wp-block-media-text__content\">\n<p style=\"font-size:14px\"><em>La \u00e9poca medieval en Herrera de Pisuerga (Palencia) <\/em><\/p>\n\n\n\n<p style=\"font-size:12px\">Mar\u00eda Luisa P\u00e9rez Gonz\u00e1lez, Ces\u00e1reo P\u00e9rez Gonz\u00e1lez, Marina Arana Montes.<br>Actas del I Congreso de Historia de Palencia, Vol. 2, 1987, p\u00e1gs. 401-424.<br>[<a href=\"https:\/\/institutoestudiospisoraca.es\/wp-content\/uploads\/2023\/07\/Herrera-Edad-Media_extracto-C1T2.pdf\" target=\"_blank\" rel=\"noreferrer noopener\">Descargar PDF<\/a>] <\/p>\n<\/div><\/div>\n\n\n\n<hr class=\"wp-block-separator has-css-opacity\"\/>\n\n\n\n<div class=\"wp-block-media-text alignwide is-stacked-on-mobile\" style=\"grid-template-columns:15% auto\"><figure class=\"wp-block-media-text__media\"><img loading=\"lazy\" decoding=\"async\" width=\"629\" height=\"944\" src=\"https:\/\/institutoestudiospisoraca.es\/wp-content\/uploads\/2021\/12\/Pisoracaorg_img.jpg\" alt=\"\" class=\"wp-image-504 size-full\" srcset=\"https:\/\/institutoestudiospisoraca.es\/wp-content\/uploads\/2021\/12\/Pisoracaorg_img.jpg 629w, https:\/\/institutoestudiospisoraca.es\/wp-content\/uploads\/2021\/12\/Pisoracaorg_img-200x300.jpg 200w\" sizes=\"auto, (max-width: 629px) 100vw, 629px\" \/><\/figure><div class=\"wp-block-media-text__content\">\n<p style=\"font-size:14px\"><em>Pisoraca: de sus or\u00edgenes a los visigodos  <\/em><\/p>\n\n\n\n<p style=\"font-size:12px\">Ces\u00e1reo P\u00e9rez Gonz\u00e1lez, Marina Arana Montes, Mar\u00eda Luisa P\u00e9rez Gonz\u00e1lez.<br>Publicaciones de la Instituci\u00f3n Tello T\u00e9llez de Meneses, N\u00ba. 45, 1981, p\u00e1gs. 133-165.<br>[<a href=\"https:\/\/institutoestudiospisoraca.es\/wp-content\/uploads\/2021\/12\/PisoracaDesdeSusOrigenesALosVisigodos.pdf\" target=\"_blank\" rel=\"noreferrer noopener\">Descargar PDF<\/a>] <\/p>\n<\/div><\/div>\n","protected":false},"excerpt":{"rendered":"<p>Un ejemplo de repoblaci\u00f3n en la Espa\u00f1a ilustrada: San Carlos de Ab\u00e1nades Ces\u00e1reo P\u00e9rez Gonz\u00e1lez, Luis Antonio Arroyo Rodr\u00edguez.Anuario de la Universidad Internacional SEK, N\u00ba. 8, 2003 , p\u00e1gs. 73-84.[Descargar PDF] La \u00e9poca medieval en Herrera de Pisuerga (Palencia) Mar\u00eda Luisa P\u00e9rez Gonz\u00e1lez, Ces\u00e1reo P\u00e9rez Gonz\u00e1lez, Marina Arana Montes.Actas del I Congreso de Historia de [&hellip;]<\/p>\n","protected":false},"author":1,"featured_media":0,"parent":61,"menu_order":0,"comment_status":"closed","ping_status":"closed","template":"fullwidth-page.php","meta":{"footnotes":""},"class_list":["post-361","page","type-page","status-publish","hentry"],"_links":{"self":[{"href":"https:\/\/institutoestudiospisoraca.es\/index.php?rest_route=\/wp\/v2\/pages\/361","targetHints":{"allow":["GET"]}}],"collection":[{"href":"https:\/\/institutoestudiospisoraca.es\/index.php?rest_route=\/wp\/v2\/pages"}],"about":[{"href":"https:\/\/institutoestudiospisoraca.es\/index.php?rest_route=\/wp\/v2\/types\/page"}],"author":[{"embeddable":true,"href":"https:\/\/institutoestudiospisoraca.es\/index.php?rest_route=\/wp\/v2\/users\/1"}],"replies":[{"embeddable":true,"href":"https:\/\/institutoestudiospisoraca.es\/index.php?rest_route=%2Fwp%2Fv2%2Fcomments&post=361"}],"version-history":[{"count":5,"href":"https:\/\/institutoestudiospisoraca.es\/index.php?rest_route=\/wp\/v2\/pages\/361\/revisions"}],"predecessor-version":[{"id":548,"href":"https:\/\/institutoestudiospisoraca.es\/index.php?rest_route=\/wp\/v2\/pages\/361\/revisions\/548"}],"up":[{"embeddable":true,"href":"https:\/\/institutoestudiospisoraca.es\/index.php?rest_route=\/wp\/v2\/pages\/61"}],"wp:attachment":[{"href":"https:\/\/institutoestudiospisoraca.es\/index.php?rest_route=%2Fwp%2Fv2%2Fmedia&parent=361"}],"curies":[{"name":"wp","href":"https:\/\/api.w.org\/{rel}","templated":true}]}}