{"id":49,"date":"2019-05-19T23:41:26","date_gmt":"2019-05-19T23:41:26","guid":{"rendered":"http:\/\/institutoestudiospisoraca.es\/?page_id=49"},"modified":"2020-07-18T19:29:45","modified_gmt":"2020-07-18T17:29:45","slug":"actividades","status":"publish","type":"page","link":"https:\/\/institutoestudiospisoraca.es\/?page_id=49","title":{"rendered":"Actividades"},"content":{"rendered":"\n<div class=\"wp-block-media-text alignwide\" style=\"grid-template-columns:20% auto\"><figure class=\"wp-block-media-text__media\"><img loading=\"lazy\" decoding=\"async\" width=\"279\" height=\"300\" src=\"http:\/\/institutoestudiospisoraca.es\/wp-content\/uploads\/2019\/07\/Herrera-visigodos-18-julio-2016-173.png\" alt=\"\" class=\"wp-image-127\"\/><\/figure><div class=\"wp-block-media-text__content\">\n<p class=\"has-large-font-size\">Arqueolog\u00eda<\/p>\n\n\n\n<p><a href=\"http:\/\/institutoestudiospisoraca.es\/?page_id=63\">Ver los proyectos de arqueolog\u00eda<\/a><\/p>\n<\/div><\/div>\n\n\n\n<hr class=\"wp-block-separator\"\/>\n\n\n\n<div class=\"wp-block-media-text alignwide\" style=\"grid-template-columns:22% auto\"><figure class=\"wp-block-media-text__media\"><img loading=\"lazy\" decoding=\"async\" width=\"400\" height=\"300\" src=\"http:\/\/institutoestudiospisoraca.es\/wp-content\/uploads\/2019\/07\/053.png\" alt=\"\" class=\"wp-image-125\" srcset=\"https:\/\/institutoestudiospisoraca.es\/wp-content\/uploads\/2019\/07\/053.png 400w, https:\/\/institutoestudiospisoraca.es\/wp-content\/uploads\/2019\/07\/053-300x225.png 300w\" sizes=\"auto, (max-width: 400px) 100vw, 400px\" \/><\/figure><div class=\"wp-block-media-text__content\">\n<p class=\"has-large-font-size\">Patrimonio<\/p>\n\n\n\n<p> <a href=\"http:\/\/institutoestudiospisoraca.es\/?page_id=65\">Ver los proyectos de patrimonio<\/a><\/p>\n<\/div><\/div>\n\n\n\n<hr class=\"wp-block-separator\"\/>\n\n\n\n<div class=\"wp-block-media-text alignwide\" style=\"grid-template-columns:22% auto\"><figure class=\"wp-block-media-text__media\"><img loading=\"lazy\" decoding=\"async\" width=\"400\" height=\"300\" src=\"http:\/\/institutoestudiospisoraca.es\/wp-content\/uploads\/2019\/07\/082.png\" alt=\"\" class=\"wp-image-126\" srcset=\"https:\/\/institutoestudiospisoraca.es\/wp-content\/uploads\/2019\/07\/082.png 400w, https:\/\/institutoestudiospisoraca.es\/wp-content\/uploads\/2019\/07\/082-300x225.png 300w\" sizes=\"auto, (max-width: 400px) 100vw, 400px\" \/><\/figure><div class=\"wp-block-media-text__content\">\n<p class=\"has-large-font-size\">Ciencias naturales<\/p>\n\n\n\n<p>  <a style=\"\" href=\"http:\/\/institutoestudiospisoraca.es\/?page_id=67\">Ver los proyectos sobre ciencias naturales<\/a><\/p>\n<\/div><\/div>\n\n\n\n<hr class=\"wp-block-separator\"\/>\n\n\n\n<div class=\"wp-block-media-text alignwide\" style=\"grid-template-columns:22% auto\"><figure class=\"wp-block-media-text__media\"><img loading=\"lazy\" decoding=\"async\" width=\"471\" height=\"300\" src=\"http:\/\/institutoestudiospisoraca.es\/wp-content\/uploads\/2019\/07\/img_0182_b.png\" alt=\"\" class=\"wp-image-128\" srcset=\"https:\/\/institutoestudiospisoraca.es\/wp-content\/uploads\/2019\/07\/img_0182_b.png 471w, https:\/\/institutoestudiospisoraca.es\/wp-content\/uploads\/2019\/07\/img_0182_b-300x191.png 300w\" sizes=\"auto, (max-width: 471px) 100vw, 471px\" \/><\/figure><div class=\"wp-block-media-text__content\">\n<p class=\"has-large-font-size\">Estudios hist\u00f3ricos<\/p>\n\n\n\n<p><a href=\"http:\/\/institutoestudiospisoraca.es\/?page_id=69\">Ver los proyectos hist\u00f3ricos<\/a><\/p>\n<\/div><\/div>\n\n\n\n<hr class=\"wp-block-separator\"\/>\n\n\n\n<div class=\"wp-block-media-text alignwide\" style=\"grid-template-columns:22% auto\"><figure class=\"wp-block-media-text__media\"><img loading=\"lazy\" decoding=\"async\" width=\"600\" height=\"420\" src=\"http:\/\/institutoestudiospisoraca.es\/wp-content\/uploads\/2020\/04\/etn2.jpg\" alt=\"\" class=\"wp-image-347\" srcset=\"https:\/\/institutoestudiospisoraca.es\/wp-content\/uploads\/2020\/04\/etn2.jpg 600w, https:\/\/institutoestudiospisoraca.es\/wp-content\/uploads\/2020\/04\/etn2-300x210.jpg 300w\" sizes=\"auto, (max-width: 600px) 100vw, 600px\" \/><\/figure><div class=\"wp-block-media-text__content\">\n<p class=\"has-large-font-size\">Etnograf\u00eda<\/p>\n\n\n\n<p><a href=\"http:\/\/institutoestudiospisoraca.es\/?page_id=255\">Ver los proyectos de etnograf\u00eda<\/a><\/p>\n<\/div><\/div>\n\n\n\n<hr class=\"wp-block-separator\"\/>\n\n\n\n<div class=\"wp-block-media-text alignwide\" style=\"grid-template-columns:22% auto\"><figure class=\"wp-block-media-text__media\"><img loading=\"lazy\" decoding=\"async\" width=\"226\" height=\"176\" src=\"http:\/\/institutoestudiospisoraca.es\/wp-content\/uploads\/2020\/04\/Lit2.jpg\" alt=\"\" class=\"wp-image-348\"\/><\/figure><div class=\"wp-block-media-text__content\">\n<p class=\"has-large-font-size\">Estudios literarios<\/p>\n\n\n\n<p><a href=\"http:\/\/institutoestudiospisoraca.es\/?page_id=260\">Ver los proyectos literarios<\/a><\/p>\n<\/div><\/div>\n","protected":false},"excerpt":{"rendered":"<p>Arqueolog\u00eda Ver los proyectos de arqueolog\u00eda Patrimonio Ver los proyectos de patrimonio Ciencias naturales Ver los proyectos sobre ciencias naturales Estudios hist\u00f3ricos Ver los proyectos hist\u00f3ricos Etnograf\u00eda Ver los proyectos de etnograf\u00eda Estudios literarios Ver los proyectos literarios<\/p>\n","protected":false},"author":1,"featured_media":0,"parent":0,"menu_order":0,"comment_status":"closed","ping_status":"closed","template":"fullwidth-page.php","meta":{"footnotes":""},"class_list":["post-49","page","type-page","status-publish","hentry"],"_links":{"self":[{"href":"https:\/\/institutoestudiospisoraca.es\/index.php?rest_route=\/wp\/v2\/pages\/49","targetHints":{"allow":["GET"]}}],"collection":[{"href":"https:\/\/institutoestudiospisoraca.es\/index.php?rest_route=\/wp\/v2\/pages"}],"about":[{"href":"https:\/\/institutoestudiospisoraca.es\/index.php?rest_route=\/wp\/v2\/types\/page"}],"author":[{"embeddable":true,"href":"https:\/\/institutoestudiospisoraca.es\/index.php?rest_route=\/wp\/v2\/users\/1"}],"replies":[{"embeddable":true,"href":"https:\/\/institutoestudiospisoraca.es\/index.php?rest_route=%2Fwp%2Fv2%2Fcomments&post=49"}],"version-history":[{"count":31,"href":"https:\/\/institutoestudiospisoraca.es\/index.php?rest_route=\/wp\/v2\/pages\/49\/revisions"}],"predecessor-version":[{"id":351,"href":"https:\/\/institutoestudiospisoraca.es\/index.php?rest_route=\/wp\/v2\/pages\/49\/revisions\/351"}],"wp:attachment":[{"href":"https:\/\/institutoestudiospisoraca.es\/index.php?rest_route=%2Fwp%2Fv2%2Fmedia&parent=49"}],"curies":[{"name":"wp","href":"https:\/\/api.w.org\/{rel}","templated":true}]}}