{"id":59,"date":"2019-05-20T00:04:31","date_gmt":"2019-05-20T00:04:31","guid":{"rendered":"http:\/\/institutoestudiospisoraca.es\/?page_id=59"},"modified":"2025-05-03T19:40:49","modified_gmt":"2025-05-03T17:40:49","slug":"libros","status":"publish","type":"page","link":"https:\/\/institutoestudiospisoraca.es\/?page_id=59","title":{"rendered":"Libros"},"content":{"rendered":"\n<div class=\"wp-block-media-text alignwide\" style=\"grid-template-columns:17% auto\"><figure class=\"wp-block-media-text__media\"><img loading=\"lazy\" decoding=\"async\" width=\"731\" height=\"1024\" src=\"https:\/\/institutoestudiospisoraca.es\/wp-content\/uploads\/2025\/05\/Llanes-Barbado-731x1024.jpg\" alt=\"\" class=\"wp-image-570 size-full\" srcset=\"https:\/\/institutoestudiospisoraca.es\/wp-content\/uploads\/2025\/05\/Llanes-Barbado-731x1024.jpg 731w, https:\/\/institutoestudiospisoraca.es\/wp-content\/uploads\/2025\/05\/Llanes-Barbado-214x300.jpg 214w, https:\/\/institutoestudiospisoraca.es\/wp-content\/uploads\/2025\/05\/Llanes-Barbado-768x1075.jpg 768w, https:\/\/institutoestudiospisoraca.es\/wp-content\/uploads\/2025\/05\/Llanes-Barbado-1097x1536.jpg 1097w, https:\/\/institutoestudiospisoraca.es\/wp-content\/uploads\/2025\/05\/Llanes-Barbado-1463x2048.jpg 1463w, https:\/\/institutoestudiospisoraca.es\/wp-content\/uploads\/2025\/05\/Llanes-Barbado-scaled.jpg 1829w\" sizes=\"auto, (max-width: 731px) 100vw, 731px\" \/><\/figure><div class=\"wp-block-media-text__content\">\n<p style=\"font-size:14px\"><em>Alejandro Llanes Barbado. Diario de Viaje.<\/em> <\/p>\n\n\n\n<p style=\"font-size:12px\">Alejandro Llanes Barbado (autor).<br>Ces\u00e1reo P\u00e9rez Gonz\u00e1lez, Luis Antonio Arroyo Rodr\u00edguez (editores).<\/p>\n\n\n\n<p style=\"font-size:12px\">Ediciones Altazor, 2024.<\/p>\n<\/div><\/div>\n\n\n\n<hr class=\"wp-block-separator has-alpha-channel-opacity\"\/>\n\n\n\n<div class=\"wp-block-media-text alignwide\" style=\"grid-template-columns:17% auto\"><figure class=\"wp-block-media-text__media\"><img loading=\"lazy\" decoding=\"async\" width=\"739\" height=\"1024\" src=\"https:\/\/institutoestudiospisoraca.es\/wp-content\/uploads\/2022\/08\/Portada-Olivia_jpg-739x1024.jpg\" alt=\"\" class=\"wp-image-529 size-full\" srcset=\"https:\/\/institutoestudiospisoraca.es\/wp-content\/uploads\/2022\/08\/Portada-Olivia_jpg-739x1024.jpg 739w, https:\/\/institutoestudiospisoraca.es\/wp-content\/uploads\/2022\/08\/Portada-Olivia_jpg-216x300.jpg 216w, https:\/\/institutoestudiospisoraca.es\/wp-content\/uploads\/2022\/08\/Portada-Olivia_jpg-768x1065.jpg 768w, https:\/\/institutoestudiospisoraca.es\/wp-content\/uploads\/2022\/08\/Portada-Olivia_jpg-1108x1536.jpg 1108w, https:\/\/institutoestudiospisoraca.es\/wp-content\/uploads\/2022\/08\/Portada-Olivia_jpg-1477x2048.jpg 1477w, https:\/\/institutoestudiospisoraca.es\/wp-content\/uploads\/2022\/08\/Portada-Olivia_jpg-scaled.jpg 1847w\" sizes=\"auto, (max-width: 739px) 100vw, 739px\" \/><\/figure><div class=\"wp-block-media-text__content\">\n<p style=\"font-size:14px\"><em>Villas romanas de Segovia. Arqueolog\u00eda y arquitectura de representaci\u00f3n.<\/em><\/p>\n\n\n\n<p style=\"font-size:12px\">Olivia V. Reyes Hernando.<br>IE Universidad (Anejos de Oppidum) &#8211;  Instituto de Estudios Pisoraca, 2021.<\/p>\n<\/div><\/div>\n\n\n\n<hr class=\"wp-block-separator has-alpha-channel-opacity\"\/>\n\n\n\n<div class=\"wp-block-media-text alignwide\" style=\"grid-template-columns:17% auto\"><figure class=\"wp-block-media-text__media\"><img loading=\"lazy\" decoding=\"async\" width=\"249\" height=\"355\" src=\"http:\/\/institutoestudiospisoraca.es\/wp-content\/uploads\/2019\/09\/Portada_STB.jpg\" alt=\"\" class=\"wp-image-323 size-full\" srcset=\"https:\/\/institutoestudiospisoraca.es\/wp-content\/uploads\/2019\/09\/Portada_STB.jpg 249w, https:\/\/institutoestudiospisoraca.es\/wp-content\/uploads\/2019\/09\/Portada_STB-210x300.jpg 210w\" sizes=\"auto, (max-width: 249px) 100vw, 249px\" \/><\/figure><div class=\"wp-block-media-text__content\">\n<p style=\"font-size:14px\"><em>Sotoba\u00f1ado y Priorato, espacio habitado.<\/em><\/p>\n\n\n\n<p style=\"font-size:12px\">Ces\u00e1reo P\u00e9rez Gonz\u00e1lez, Luis Antonio Arroyo Rodr\u00edguez.<br>Ayuntamiento de Sotoba\u00f1ado y Priorato &#8211;  Instituto de Estudios Pisoraca, 2018.<br>[<a href=\"http:\/\/institutoestudiospisoraca.es\/wp-content\/uploads\/2019\/09\/Indice_STB.pdf\">Sumario<\/a>] <\/p>\n<\/div><\/div>\n\n\n\n<hr class=\"wp-block-separator has-css-opacity\"\/>\n\n\n\n<div class=\"wp-block-media-text alignwide\" style=\"grid-template-columns:17% auto\"><figure class=\"wp-block-media-text__media\"><img loading=\"lazy\" decoding=\"async\" width=\"251\" height=\"354\" src=\"http:\/\/institutoestudiospisoraca.es\/wp-content\/uploads\/2019\/09\/Portada_MA.jpg\" alt=\"\" class=\"wp-image-322 size-full\" srcset=\"https:\/\/institutoestudiospisoraca.es\/wp-content\/uploads\/2019\/09\/Portada_MA.jpg 251w, https:\/\/institutoestudiospisoraca.es\/wp-content\/uploads\/2019\/09\/Portada_MA-213x300.jpg 213w\" sizes=\"auto, (max-width: 251px) 100vw, 251px\" \/><\/figure><div class=\"wp-block-media-text__content\">\n<p style=\"font-size:14px\"><em>Obras de Marcelino Arana, ingeniero agr\u00f3nomo. Volumen I: libros, folletos y art\u00edculos<\/em><\/p>\n\n\n\n<p style=\"font-size:12px\">Marcelino Arana Franco (autor), C\u00e9sar P\u00e9rez (editor).<\/p>\n\n\n\n<p style=\"font-size:12px\">Instituto de Estudios Pisoraca, 2018.<br>[<a href=\"http:\/\/institutoestudiospisoraca.es\/wp-content\/uploads\/2019\/09\/Indice_MA.pdf\">Sumario<\/a>]<\/p>\n<\/div><\/div>\n\n\n\n<hr class=\"wp-block-separator has-css-opacity\"\/>\n\n\n\n<div class=\"wp-block-media-text alignwide\" style=\"grid-template-columns:17% auto\"><figure class=\"wp-block-media-text__media\"><img loading=\"lazy\" decoding=\"async\" width=\"150\" height=\"211\" src=\"http:\/\/institutoestudiospisoraca.es\/wp-content\/uploads\/2019\/07\/2011_El-acueducto-de-Segovia.jpg\" alt=\"\" class=\"wp-image-172 size-full\"\/><\/figure><div class=\"wp-block-media-text__content\">\n<p style=\"font-size:14px\"><em>El Acueducto de Segovia. Viajes, viajeros y algo de arqueolog\u00eda<\/em><\/p>\n\n\n\n<p style=\"font-size:12px\">Ces\u00e1reo P\u00e9rez Gonz\u00e1lez, Luis Antonio Arroyo Rodr\u00edguez.<br>Instituto de Estudios Pisoraca &#8211; IE Universidad, 2011.<br>[<a href=\"http:\/\/institutoestudiospisoraca.es\/wp-content\/uploads\/2019\/07\/2011_El-acueducto-de-Segovia_S.pdf\">Sumario<\/a>]<\/p>\n<\/div><\/div>\n\n\n\n<hr class=\"wp-block-separator has-css-opacity\"\/>\n\n\n\n<div class=\"wp-block-media-text alignwide\" style=\"grid-template-columns:17% auto\"><figure class=\"wp-block-media-text__media\"><img loading=\"lazy\" decoding=\"async\" width=\"150\" height=\"194\" src=\"http:\/\/institutoestudiospisoraca.es\/wp-content\/uploads\/2019\/07\/2008_Palencia-en-los-libros-de-viajes.jpg\" alt=\"\" class=\"wp-image-170 size-full\"\/><\/figure><div class=\"wp-block-media-text__content\">\n<p style=\"font-size:14px\"><em>Palencia en los libros de viajes<\/em><\/p>\n\n\n\n<p style=\"font-size:12px\">Luis Antonio Arroyo Rodr\u00edguez, Marina Arana Montes, Ces\u00e1reo P\u00e9rez Gonz\u00e1lez.<br>Instituci\u00f3n Tello T\u00e9llez de Meneses &#8211; Diputaci\u00f3n Provincial de Palencia, 2008.<br>[Sin sumario disponible por el momento] <\/p>\n<\/div><\/div>\n\n\n\n<hr class=\"wp-block-separator has-css-opacity\"\/>\n\n\n\n<div class=\"wp-block-media-text alignwide\" style=\"grid-template-columns:17% auto\"><figure class=\"wp-block-media-text__media\"><img loading=\"lazy\" decoding=\"async\" width=\"150\" height=\"172\" src=\"http:\/\/institutoestudiospisoraca.es\/wp-content\/uploads\/2019\/07\/2008_Imagenes-del-siglo-XX.jpg\" alt=\"\" class=\"wp-image-169 size-full\"\/><\/figure><div class=\"wp-block-media-text__content\">\n<p style=\"font-size:14px\"><em> Herrera de Pisuerga. Im\u00e1genes del siglo XX<\/em><\/p>\n\n\n\n<p style=\"font-size:12px\">Luis Antonio Arroyo Rodr\u00edguez.<br>Ayuntamiento de Herrera de Pisuerga, 2008.<br>[<a href=\"http:\/\/institutoestudiospisoraca.es\/wp-content\/uploads\/2019\/07\/2008_Imagenes-del-siglo-XX_S.pdf\">Sumario<\/a>]<\/p>\n<\/div><\/div>\n\n\n\n<hr class=\"wp-block-separator has-css-opacity\"\/>\n\n\n\n<div class=\"wp-block-media-text alignwide\" style=\"grid-template-columns:17% auto\"><figure class=\"wp-block-media-text__media\"><img loading=\"lazy\" decoding=\"async\" width=\"150\" height=\"211\" src=\"http:\/\/institutoestudiospisoraca.es\/wp-content\/uploads\/2019\/07\/2004_Canal-de-Castilla.jpg\" alt=\"\" class=\"wp-image-141 size-full\"\/><\/figure><div class=\"wp-block-media-text__content\">\n<p style=\"font-size:14px\"><em>El canal de Castilla: arqueolog\u00eda y sociedad en el Ramal del Norte (1759-1825)<\/em><\/p>\n\n\n\n<p style=\"font-size:12px\">Ces\u00e1reo P\u00e9rez Gonz\u00e1lez, Luis Antonio Arroyo Rodr\u00edguez.<br>Universidad Internacional SEK, 2004.<br>[<a href=\"http:\/\/institutoestudiospisoraca.es\/wp-content\/uploads\/2019\/07\/2004_Canal-de-Castilla_S.pdf\">Sumario<\/a>] <\/p>\n<\/div><\/div>\n\n\n\n<hr class=\"wp-block-separator has-css-opacity\"\/>\n\n\n\n<div class=\"wp-block-media-text alignwide\" style=\"grid-template-columns:17% auto\"><figure class=\"wp-block-media-text__media\"><img loading=\"lazy\" decoding=\"async\" width=\"150\" height=\"182\" src=\"http:\/\/institutoestudiospisoraca.es\/wp-content\/uploads\/2019\/07\/2003_Aproximacion-Hist\u00f3rica.jpg\" alt=\"\" class=\"wp-image-167 size-full\"\/><\/figure><div class=\"wp-block-media-text__content\">\n<p style=\"font-size:14px\"><em>Herrera de Pisuerga. Aproximaci\u00f3n hist\u00f3rica<\/em><\/p>\n\n\n\n<p style=\"font-size:12px\">Ces\u00e1reo P\u00e9rez Gonz\u00e1lez, Luis Antonio Arroyo Rodr\u00edguez.<br>Ayuntamiento de Herrera de Pisuerga, 2003.<br>[Sin sumario disponible por el momento] <\/p>\n<\/div><\/div>\n\n\n\n<hr class=\"wp-block-separator has-css-opacity\"\/>\n\n\n\n<div class=\"wp-block-media-text alignwide\" style=\"grid-template-columns:17% auto\"><figure class=\"wp-block-media-text__media\"><img loading=\"lazy\" decoding=\"async\" width=\"150\" height=\"222\" src=\"http:\/\/institutoestudiospisoraca.es\/wp-content\/uploads\/2019\/07\/2002_Actas-Municipales.jpg\" alt=\"\" class=\"wp-image-166 size-full\"\/><\/figure><div class=\"wp-block-media-text__content\">\n<p style=\"font-size:14px\"><em>Cat\u00e1logo de actas municipales de Herrera de Pisuerga<\/em><\/p>\n\n\n\n<p style=\"font-size:12px\">Luis Antonio Arroyo Rodr\u00edguez.<br>Ayuntamiento de Herrera de Pisuerga, 2002.<br>[<a href=\"http:\/\/institutoestudiospisoraca.es\/wp-content\/uploads\/2019\/07\/2002_Actas-Municipales_S.pdf\">Sumario<\/a>] <\/p>\n<\/div><\/div>\n\n\n\n<hr class=\"wp-block-separator has-css-opacity\"\/>\n\n\n\n<div class=\"wp-block-media-text alignwide\" style=\"grid-template-columns:17% auto\"><figure class=\"wp-block-media-text__media\"><img loading=\"lazy\" decoding=\"async\" width=\"150\" height=\"211\" src=\"http:\/\/institutoestudiospisoraca.es\/wp-content\/uploads\/2019\/07\/1999_Papeles-Herrerenses-II.jpg\" alt=\"\" class=\"wp-image-165 size-full\"\/><\/figure><div class=\"wp-block-media-text__content\">\n<p style=\"font-size:14px\"><em>Papeles Herrerenses II<\/em><\/p>\n\n\n\n<p style=\"font-size:12px\">Ces\u00e1reo P\u00e9rez Gonz\u00e1lez, Emilio Illarregui G\u00f3mez, Luis Antonio Arroyo Rodr\u00edguez y otros.<br>Instituto de Estudios Pisoraca, 1999.<br>[<a href=\"http:\/\/institutoestudiospisoraca.es\/wp-content\/uploads\/2019\/07\/1999_Papeles-Herrerenses-II_S.pdf\">Sumario<\/a>] <\/p>\n<\/div><\/div>\n\n\n\n<hr class=\"wp-block-separator has-css-opacity\"\/>\n\n\n\n<div class=\"wp-block-media-text alignwide\" style=\"grid-template-columns:17% auto\"><figure class=\"wp-block-media-text__media\"><img loading=\"lazy\" decoding=\"async\" width=\"150\" height=\"250\" src=\"http:\/\/institutoestudiospisoraca.es\/wp-content\/uploads\/2019\/07\/1997_Norte-Palentino.jpg\" alt=\"\" class=\"wp-image-164 size-full\"\/><\/figure><div class=\"wp-block-media-text__content\">\n<p style=\"font-size:14px\"><em>Gu\u00eda tur\u00edstica del Norte Palentino<\/em><\/p>\n\n\n\n<p style=\"font-size:12px\">Gonzalo Alcalde Crespo.<br>Instituto de Estudios Pisoraca, 1999.<br>[<a href=\"http:\/\/institutoestudiospisoraca.es\/wp-content\/uploads\/2019\/07\/1997_Norte-Palentino_S.pdf\">Sumario<\/a>] <\/p>\n<\/div><\/div>\n\n\n\n<hr class=\"wp-block-separator has-css-opacity\"\/>\n\n\n\n<div class=\"wp-block-media-text alignwide\" style=\"grid-template-columns:17% auto\"><figure class=\"wp-block-media-text__media\"><img loading=\"lazy\" decoding=\"async\" width=\"150\" height=\"211\" src=\"http:\/\/institutoestudiospisoraca.es\/wp-content\/uploads\/2019\/07\/1992_Papeles-Herrerenses-I.jpg\" alt=\"\" class=\"wp-image-163 size-full\"\/><\/figure><div class=\"wp-block-media-text__content\">\n<p style=\"font-size:14px\"><em>Papeles Herrerenses I<\/em><\/p>\n\n\n\n<p style=\"font-size:12px\">Ces\u00e1reo P\u00e9rez Gonz\u00e1lez, Emilio Illarregui G\u00f3mez, Miguel \u00c1ngel Ortiz Nozal, Luis Antonio Arroyo Rodr\u00edguez y otros.<br>Caja de Salamanca y Soria &#8211; Ayuntamiento de Herrera de Pisuerga, 1992.<br>[<a href=\"https:\/\/institutoestudiospisoraca.es\/wp-content\/uploads\/2022\/08\/Papeles-Herrerenses_I_completo.pdf\">Libro completo<\/a>] &#8212; [<a href=\"http:\/\/institutoestudiospisoraca.es\/wp-content\/uploads\/2019\/07\/1992_Papeles-Herrerenses-I_S.pdf\">Sumario<\/a>]<\/p>\n<\/div><\/div>\n","protected":false},"excerpt":{"rendered":"<p>Alejandro Llanes Barbado. Diario de Viaje. Alejandro Llanes Barbado (autor).Ces\u00e1reo P\u00e9rez Gonz\u00e1lez, Luis Antonio Arroyo Rodr\u00edguez (editores). Ediciones Altazor, 2024. Villas romanas de Segovia. Arqueolog\u00eda y arquitectura de representaci\u00f3n. Olivia V. Reyes Hernando.IE Universidad (Anejos de Oppidum) &#8211; Instituto de Estudios Pisoraca, 2021. Sotoba\u00f1ado y Priorato, espacio habitado. Ces\u00e1reo P\u00e9rez Gonz\u00e1lez, Luis Antonio Arroyo Rodr\u00edguez.Ayuntamiento [&hellip;]<\/p>\n","protected":false},"author":1,"featured_media":0,"parent":29,"menu_order":0,"comment_status":"closed","ping_status":"closed","template":"fullwidth-page.php","meta":{"footnotes":""},"class_list":["post-59","page","type-page","status-publish","hentry"],"_links":{"self":[{"href":"https:\/\/institutoestudiospisoraca.es\/index.php?rest_route=\/wp\/v2\/pages\/59","targetHints":{"allow":["GET"]}}],"collection":[{"href":"https:\/\/institutoestudiospisoraca.es\/index.php?rest_route=\/wp\/v2\/pages"}],"about":[{"href":"https:\/\/institutoestudiospisoraca.es\/index.php?rest_route=\/wp\/v2\/types\/page"}],"author":[{"embeddable":true,"href":"https:\/\/institutoestudiospisoraca.es\/index.php?rest_route=\/wp\/v2\/users\/1"}],"replies":[{"embeddable":true,"href":"https:\/\/institutoestudiospisoraca.es\/index.php?rest_route=%2Fwp%2Fv2%2Fcomments&post=59"}],"version-history":[{"count":43,"href":"https:\/\/institutoestudiospisoraca.es\/index.php?rest_route=\/wp\/v2\/pages\/59\/revisions"}],"predecessor-version":[{"id":579,"href":"https:\/\/institutoestudiospisoraca.es\/index.php?rest_route=\/wp\/v2\/pages\/59\/revisions\/579"}],"up":[{"embeddable":true,"href":"https:\/\/institutoestudiospisoraca.es\/index.php?rest_route=\/wp\/v2\/pages\/29"}],"wp:attachment":[{"href":"https:\/\/institutoestudiospisoraca.es\/index.php?rest_route=%2Fwp%2Fv2%2Fmedia&parent=59"}],"curies":[{"name":"wp","href":"https:\/\/api.w.org\/{rel}","templated":true}]}}