{"id":61,"date":"2019-05-20T00:05:23","date_gmt":"2019-05-20T00:05:23","guid":{"rendered":"http:\/\/institutoestudiospisoraca.es\/?page_id=61"},"modified":"2020-07-18T19:31:49","modified_gmt":"2020-07-18T17:31:49","slug":"articulos","status":"publish","type":"page","link":"https:\/\/institutoestudiospisoraca.es\/?page_id=61","title":{"rendered":"Art\u00edculos"},"content":{"rendered":"\n<p class=\"has-text-align-center has-medium-font-size\"><a href=\"http:\/\/institutoestudiospisoraca.es\/?page_id=359\">ART\u00cdCULOS ARQUEOL\u00d3GICOS<\/a><\/p>\n\n\n\n<hr class=\"wp-block-separator\"\/>\n\n\n\n<p class=\"has-text-align-center has-medium-font-size\"><a href=\"http:\/\/institutoestudiospisoraca.es\/?page_id=361\">ART\u00cdCULOS HIST\u00d3RICOS<\/a><\/p>\n\n\n\n<hr class=\"wp-block-separator\"\/>\n\n\n\n<p class=\"has-text-align-center has-medium-font-size\"><a href=\"http:\/\/institutoestudiospisoraca.es\/?page_id=357\">ART\u00cdCULOS LITERARIOS<\/a><\/p>\n","protected":false},"excerpt":{"rendered":"<p>ART\u00cdCULOS ARQUEOL\u00d3GICOS ART\u00cdCULOS HIST\u00d3RICOS ART\u00cdCULOS LITERARIOS<\/p>\n","protected":false},"author":1,"featured_media":0,"parent":29,"menu_order":0,"comment_status":"closed","ping_status":"closed","template":"fullwidth-page.php","meta":{"footnotes":""},"class_list":["post-61","page","type-page","status-publish","hentry"],"_links":{"self":[{"href":"https:\/\/institutoestudiospisoraca.es\/index.php?rest_route=\/wp\/v2\/pages\/61","targetHints":{"allow":["GET"]}}],"collection":[{"href":"https:\/\/institutoestudiospisoraca.es\/index.php?rest_route=\/wp\/v2\/pages"}],"about":[{"href":"https:\/\/institutoestudiospisoraca.es\/index.php?rest_route=\/wp\/v2\/types\/page"}],"author":[{"embeddable":true,"href":"https:\/\/institutoestudiospisoraca.es\/index.php?rest_route=\/wp\/v2\/users\/1"}],"replies":[{"embeddable":true,"href":"https:\/\/institutoestudiospisoraca.es\/index.php?rest_route=%2Fwp%2Fv2%2Fcomments&post=61"}],"version-history":[{"count":27,"href":"https:\/\/institutoestudiospisoraca.es\/index.php?rest_route=\/wp\/v2\/pages\/61\/revisions"}],"predecessor-version":[{"id":398,"href":"https:\/\/institutoestudiospisoraca.es\/index.php?rest_route=\/wp\/v2\/pages\/61\/revisions\/398"}],"up":[{"embeddable":true,"href":"https:\/\/institutoestudiospisoraca.es\/index.php?rest_route=\/wp\/v2\/pages\/29"}],"wp:attachment":[{"href":"https:\/\/institutoestudiospisoraca.es\/index.php?rest_route=%2Fwp%2Fv2%2Fmedia&parent=61"}],"curies":[{"name":"wp","href":"https:\/\/api.w.org\/{rel}","templated":true}]}}