{"id":63,"date":"2019-05-20T00:06:16","date_gmt":"2019-05-20T00:06:16","guid":{"rendered":"http:\/\/institutoestudiospisoraca.es\/?page_id=63"},"modified":"2020-07-18T19:29:52","modified_gmt":"2020-07-18T17:29:52","slug":"arqueologia","status":"publish","type":"page","link":"https:\/\/institutoestudiospisoraca.es\/?page_id=63","title":{"rendered":"Arqueolog\u00eda"},"content":{"rendered":"\n<p class=\"text-justify\">Una de las finalidades del Instituto de Estudios Pisoraca es la investigaci\u00f3n arqueol\u00f3gica en un doble enfoque. <\/p>\n\n\n\n<p class=\"text-justify\">Por un lado, se promover\u00e1n campa\u00f1as de excavaciones arqueol\u00f3gicas en Herrera de Pisuerga, localidad que goza de la categor\u00eda de Bien de Inter\u00e9s Cultural, y en su entorno. Se promover\u00e1 el estudio de los materiales arqueol\u00f3gicos de Herrera de Pisuerga, tanto los que hayan sido fruto de excavaciones recientes, como de campa\u00f1as antiguas. Tambi\u00e9n se podr\u00e1 abordar la revisi\u00f3n y an\u00e1lisis de piezas de museos y colecciones privadas, que guarden relaci\u00f3n con la arqueolog\u00eda herrerense, y su interrelaci\u00f3n con otros restos comparativos nacionales e internacionales. <\/p>\n\n\n\n<p class=\"text-justify\">Por otro lado, se promover\u00e1 la documentaci\u00f3n, estudio y aplicaci\u00f3n de nuevas tecnolog\u00edas a los restos arqueol\u00f3gicos en contextos regionales, nacionales e internacionales.<\/p>\n\n\n\n<p><strong>Proyectos de Arqueolog\u00eda<\/strong><\/p>\n\n\n\n<ul class=\"text-justify wp-block-list\"><li>Excavaci\u00f3n y puesta en valor del Camino de las \u00c1nimas. Se trata de un yacimiento romano en las afueras de Herrera de Pisuerga, en un espacio que probablemente fuera ocupada por la&nbsp;<em>cannaba<\/em>&nbsp;en la \u00e9poca del asentamiento de la Legio IIII Maced\u00f3nica.<\/li><li>&nbsp;Jornadas de verano sobre Arqueolog\u00eda y Patrimonio (<a href=\"https:\/\/institutoestudiospisoraca.es\/?page_id=419\">enlace a p\u00e1gina espec\u00edfica<\/a>)&nbsp;<\/li><\/ul>\n\n\n\n<p><\/p>\n","protected":false},"excerpt":{"rendered":"<p>Una de las finalidades del Instituto de Estudios Pisoraca es la investigaci\u00f3n arqueol\u00f3gica en un doble enfoque. Por un lado, se promover\u00e1n campa\u00f1as de excavaciones arqueol\u00f3gicas en Herrera de Pisuerga, localidad que goza de la categor\u00eda de Bien de Inter\u00e9s Cultural, y en su entorno. Se promover\u00e1 el estudio de los materiales arqueol\u00f3gicos de Herrera [&hellip;]<\/p>\n","protected":false},"author":1,"featured_media":0,"parent":49,"menu_order":0,"comment_status":"closed","ping_status":"closed","template":"fullwidth-page.php","meta":{"footnotes":""},"class_list":["post-63","page","type-page","status-publish","hentry"],"_links":{"self":[{"href":"https:\/\/institutoestudiospisoraca.es\/index.php?rest_route=\/wp\/v2\/pages\/63","targetHints":{"allow":["GET"]}}],"collection":[{"href":"https:\/\/institutoestudiospisoraca.es\/index.php?rest_route=\/wp\/v2\/pages"}],"about":[{"href":"https:\/\/institutoestudiospisoraca.es\/index.php?rest_route=\/wp\/v2\/types\/page"}],"author":[{"embeddable":true,"href":"https:\/\/institutoestudiospisoraca.es\/index.php?rest_route=\/wp\/v2\/users\/1"}],"replies":[{"embeddable":true,"href":"https:\/\/institutoestudiospisoraca.es\/index.php?rest_route=%2Fwp%2Fv2%2Fcomments&post=63"}],"version-history":[{"count":7,"href":"https:\/\/institutoestudiospisoraca.es\/index.php?rest_route=\/wp\/v2\/pages\/63\/revisions"}],"predecessor-version":[{"id":459,"href":"https:\/\/institutoestudiospisoraca.es\/index.php?rest_route=\/wp\/v2\/pages\/63\/revisions\/459"}],"up":[{"embeddable":true,"href":"https:\/\/institutoestudiospisoraca.es\/index.php?rest_route=\/wp\/v2\/pages\/49"}],"wp:attachment":[{"href":"https:\/\/institutoestudiospisoraca.es\/index.php?rest_route=%2Fwp%2Fv2%2Fmedia&parent=63"}],"curies":[{"name":"wp","href":"https:\/\/api.w.org\/{rel}","templated":true}]}}