{"id":65,"date":"2019-05-20T00:06:35","date_gmt":"2019-05-20T00:06:35","guid":{"rendered":"http:\/\/institutoestudiospisoraca.es\/?page_id=65"},"modified":"2020-07-18T19:30:32","modified_gmt":"2020-07-18T17:30:32","slug":"patrimonio","status":"publish","type":"page","link":"https:\/\/institutoestudiospisoraca.es\/?page_id=65","title":{"rendered":"Patrimonio"},"content":{"rendered":"\n<p><\/p>\n\n\n\n<p class=\"text-justify\">El Instituto de Estudios Pisoraca estudiar\u00e1 el patrimonio en sus diversas manifestaciones, con especial atenci\u00f3n a:<\/p>\n\n\n\n<p class=\"text-justify\"><strong>Patrimonio cultural<\/strong>: son objeto de atenci\u00f3n por parte del Instituto de Estudios Pisoraca la preservaci\u00f3n y transmisi\u00f3n de la herencia cultural en sus diversas manifestaciones, reconocidas como propias por una comunidad capaz de interpretarlas de manera din\u00e1mica, ya sea a trav\u00e9s de su expresi\u00f3n tradicional o de nuevos usos patrimoniales.<\/p>\n\n\n\n<p class=\"text-justify\">Para ello, el Instituto de Estudios Pisoraca promueve tanto la investigaci\u00f3n como intervenciones dirigidas a dotar a estos valores heterog\u00e9neos de contexto y significaci\u00f3n en los diversos campos (hist\u00f3rico-arqueol\u00f3gico, arquitect\u00f3nico y\/o monumental, etnogr\u00e1fico, art\u00edstico, etc.) a los que prestan su dedicaci\u00f3n las diferentes l\u00edneas de actuaci\u00f3n que abarcan sus actividades.<\/p>\n\n\n\n<p class=\"text-justify\"><strong>Patrimonio material:<\/strong> se estudian los elementos materiales que corran riesgo de p\u00e9rdida o desaparici\u00f3n, potenciando la recogida de im\u00e1genes y noticias, orales o escritas, de todo tipo de elementos arquitect\u00f3nicos, indistintamente de su finalidad: vida cotidiana, mundo del trabajo, creencias, etc.<\/p>\n\n\n\n<p><strong>Proyectos de Patrimonio<\/strong><\/p>\n\n\n\n<ul class=\"wp-block-list\"><li>&nbsp;Jornadas de verano sobre Arqueolog\u00eda y Patrimonio (<a href=\"https:\/\/institutoestudiospisoraca.es\/?page_id=419\">enlace a p\u00e1gina espec\u00edfica<\/a>)&nbsp;<\/li><li>Inventario de elementos arquitect\u00f3nicos espec\u00edficos de los valles del Pisuerga, el Boedo y la Ojeda.<\/li><li>Medio natural: agua e hidr\u00e1ulica.<\/li><li>Inventario de colmenares del norte de Palencia.<\/li><li>Inventario de humilladeros del norte de Castilla y Le\u00f3n.<\/li><\/ul>\n\n\n\n<p><\/p>\n","protected":false},"excerpt":{"rendered":"<p>El Instituto de Estudios Pisoraca estudiar\u00e1 el patrimonio en sus diversas manifestaciones, con especial atenci\u00f3n a: Patrimonio cultural: son objeto de atenci\u00f3n por parte del Instituto de Estudios Pisoraca la preservaci\u00f3n y transmisi\u00f3n de la herencia cultural en sus diversas manifestaciones, reconocidas como propias por una comunidad capaz de interpretarlas de manera din\u00e1mica, ya sea [&hellip;]<\/p>\n","protected":false},"author":1,"featured_media":0,"parent":49,"menu_order":0,"comment_status":"closed","ping_status":"closed","template":"fullwidth-page.php","meta":{"footnotes":""},"class_list":["post-65","page","type-page","status-publish","hentry"],"_links":{"self":[{"href":"https:\/\/institutoestudiospisoraca.es\/index.php?rest_route=\/wp\/v2\/pages\/65","targetHints":{"allow":["GET"]}}],"collection":[{"href":"https:\/\/institutoestudiospisoraca.es\/index.php?rest_route=\/wp\/v2\/pages"}],"about":[{"href":"https:\/\/institutoestudiospisoraca.es\/index.php?rest_route=\/wp\/v2\/types\/page"}],"author":[{"embeddable":true,"href":"https:\/\/institutoestudiospisoraca.es\/index.php?rest_route=\/wp\/v2\/users\/1"}],"replies":[{"embeddable":true,"href":"https:\/\/institutoestudiospisoraca.es\/index.php?rest_route=%2Fwp%2Fv2%2Fcomments&post=65"}],"version-history":[{"count":13,"href":"https:\/\/institutoestudiospisoraca.es\/index.php?rest_route=\/wp\/v2\/pages\/65\/revisions"}],"predecessor-version":[{"id":460,"href":"https:\/\/institutoestudiospisoraca.es\/index.php?rest_route=\/wp\/v2\/pages\/65\/revisions\/460"}],"up":[{"embeddable":true,"href":"https:\/\/institutoestudiospisoraca.es\/index.php?rest_route=\/wp\/v2\/pages\/49"}],"wp:attachment":[{"href":"https:\/\/institutoestudiospisoraca.es\/index.php?rest_route=%2Fwp%2Fv2%2Fmedia&parent=65"}],"curies":[{"name":"wp","href":"https:\/\/api.w.org\/{rel}","templated":true}]}}