{"id":69,"date":"2019-05-20T00:07:17","date_gmt":"2019-05-20T00:07:17","guid":{"rendered":"http:\/\/institutoestudiospisoraca.es\/?page_id=69"},"modified":"2020-07-18T19:30:08","modified_gmt":"2020-07-18T17:30:08","slug":"estudios-historicos","status":"publish","type":"page","link":"https:\/\/institutoestudiospisoraca.es\/?page_id=69","title":{"rendered":"Estudios hist\u00f3ricos"},"content":{"rendered":"\n<p class=\"text-justify\">Expresaba M. Men\u00e9ndez Pelayo que \u00abla Historia no se escribe para gente fr\u00edvola o casquivana, y el primer deber de todo historiador honrado es ahondar en la investigaci\u00f3n cuanto pueda, no desde\u00f1ar ning\u00fan documento y corregirse a s\u00ed mismo cuantas veces sea menester\u00bb. El estudio y la divulgaci\u00f3n del pasado hist\u00f3rico es objeto de atenci\u00f3n del Instituto de Estudios Pisoraca. Se promover\u00e1n y apoyar\u00e1n los proyectos de investigaci\u00f3n hist\u00f3rica, tanto los que puedan complementar los estudios arqueol\u00f3gicos, como los relacionados con otras etapas hist\u00f3ricas. <\/p>\n\n\n\n<p class=\"text-justify\">Asimismo, se buscar\u00e1n cauces de difusi\u00f3n de los trabajos de investigaci\u00f3n hist\u00f3rica, tanto mediante publicaciones como celebrando ciclos de conferencias y jornadas monogr\u00e1ficas dedicadas a analizar hechos hist\u00f3ricos.<\/p>\n\n\n\n<p><strong>Proyectos de Historia<\/strong><\/p>\n\n\n\n<ul class=\"text-justify wp-block-list\"><li>Historia de la tecnolog\u00eda, especialmente de la aplicada a los mundos agr\u00edcola, de la alimentaci\u00f3n y del transporte, en los contextos local, regional, nacional e internacional.<\/li><li>Historia econ\u00f3mica e industrial relacionada con los mismos sectores y contextos.<\/li><li>Historia de la jardiner\u00eda y el paisajismo.<\/li><li>Historia militar de Espa\u00f1a en el siglo XIX. Guerra de Independencia en el norte de la Pen\u00ednsula Ib\u00e9rica, guerras carlistas, repercusiones en la metr\u00f3poli de los conflictos coloniales. <\/li><li>Traducci\u00f3n y edici\u00f3n de obras sobre las materias anteriores.<\/li><\/ul>\n\n\n\n<p><\/p>\n","protected":false},"excerpt":{"rendered":"<p>Expresaba M. Men\u00e9ndez Pelayo que \u00abla Historia no se escribe para gente fr\u00edvola o casquivana, y el primer deber de todo historiador honrado es ahondar en la investigaci\u00f3n cuanto pueda, no desde\u00f1ar ning\u00fan documento y corregirse a s\u00ed mismo cuantas veces sea menester\u00bb. El estudio y la divulgaci\u00f3n del pasado hist\u00f3rico es objeto de atenci\u00f3n [&hellip;]<\/p>\n","protected":false},"author":1,"featured_media":0,"parent":49,"menu_order":0,"comment_status":"closed","ping_status":"closed","template":"fullwidth-page.php","meta":{"footnotes":""},"class_list":["post-69","page","type-page","status-publish","hentry"],"_links":{"self":[{"href":"https:\/\/institutoestudiospisoraca.es\/index.php?rest_route=\/wp\/v2\/pages\/69","targetHints":{"allow":["GET"]}}],"collection":[{"href":"https:\/\/institutoestudiospisoraca.es\/index.php?rest_route=\/wp\/v2\/pages"}],"about":[{"href":"https:\/\/institutoestudiospisoraca.es\/index.php?rest_route=\/wp\/v2\/types\/page"}],"author":[{"embeddable":true,"href":"https:\/\/institutoestudiospisoraca.es\/index.php?rest_route=\/wp\/v2\/users\/1"}],"replies":[{"embeddable":true,"href":"https:\/\/institutoestudiospisoraca.es\/index.php?rest_route=%2Fwp%2Fv2%2Fcomments&post=69"}],"version-history":[{"count":7,"href":"https:\/\/institutoestudiospisoraca.es\/index.php?rest_route=\/wp\/v2\/pages\/69\/revisions"}],"predecessor-version":[{"id":430,"href":"https:\/\/institutoestudiospisoraca.es\/index.php?rest_route=\/wp\/v2\/pages\/69\/revisions\/430"}],"up":[{"embeddable":true,"href":"https:\/\/institutoestudiospisoraca.es\/index.php?rest_route=\/wp\/v2\/pages\/49"}],"wp:attachment":[{"href":"https:\/\/institutoestudiospisoraca.es\/index.php?rest_route=%2Fwp%2Fv2%2Fmedia&parent=69"}],"curies":[{"name":"wp","href":"https:\/\/api.w.org\/{rel}","templated":true}]}}